{"id":7704,"date":"2020-03-24T11:35:09","date_gmt":"2020-03-24T15:35:09","guid":{"rendered":"http:\/\/gestionadc.ca\/?page_id=7704"},"modified":"2023-03-17T10:03:27","modified_gmt":"2023-03-17T14:03:27","slug":"covid-19","status":"publish","type":"page","link":"https:\/\/gestionadc.ca\/en\/covid-19\/","title":{"rendered":"COVID-19, 23 mars 2020"},"content":{"rendered":"<p style=\"text-align: right;\"><img loading=\"lazy\" decoding=\"async\" class=\"size-full wp-image-7709 aligncenter\" src=\"http:\/\/gestionadc.ca\/wp-content\/uploads\/adc_logo-1.png\" alt=\"\" width=\"329\" height=\"157\" \/>23 mars 2020<\/p>\n<p>Nous vivons une p\u00e9riode difficile et nous adapter \u00e0 une situation en constante \u00e9volution rend la t\u00e2che encore plus difficile. Ce qui reste le m\u00eame dans cette incertitude, c\u2019est l\u2019engagement de Gestion ADC \u00e0 maintenir la s\u00e9curit\u00e9 de nos employ\u00e9s, clients, partenaires et communaut\u00e9s. Nous prenons une position stricte face \u00e0 l&#8217;adversit\u00e9 en adoptant une approche calme, r\u00e9fl\u00e9chie et proactive, tout en conservant la m\u00eame qualit\u00e9 de service que vous attendez de nous. Nous poursuivons notre engagement in\u00e9branlable, soucieux de la s\u00e9curit\u00e9 de tous, gr\u00e2ce \u00e0 une communication efficace, transparente et constante.<\/p>\n<p>Outre la constitution d&#8217;une \u00e9quipe d&#8217;intervention d&#8217;urgence qui se r\u00e9unit r\u00e9guli\u00e8rement, nous avons mis en place les mesures suivantes pour assurer notre s\u00e9curit\u00e9 collective:<\/p>\n<p><em><u>Communication continue avec\u00a0:<\/u><\/em><\/p>\n<ul>\n<li>Les employ\u00e9s doivent \u00e9valuer leur bien-\u00eatre physique et mental, leur exposition potentielle et leur capacit\u00e9 \u00e0 continuer de travailler;<\/li>\n<li>Gestionnaires sur place doivent s&#8217;assurer que les protocoles et proc\u00e9dures les plus rigoureux sont mis en place, respect\u00e9s et appliqu\u00e9s;<\/li>\n<li>Les clients doivent comprendre comment ils sont affect\u00e9s, comment nous devons nous adapter \u00e0 leurs situations sp\u00e9cifiques pour assurer la s\u00e9curit\u00e9 de chacun;<\/li>\n<li>Partenaires, organisations s\u0153urs et communaut\u00e9s, afin de partager les meilleures pratiques et ressources;<\/li>\n<li>Les fournisseurs doivent savoir assurer la cha\u00eene d&#8217;approvisionnement, la disponibilit\u00e9 et la livraison \u00e0 temps des produits;<\/li>\n<li>Les leaders de l&#8217;industrie pour les meilleures pratiques et produits via des webinaires et des formations sp\u00e9cialis\u00e9es.<\/li>\n<\/ul>\n<p><em><u>Imposer des proc\u00e9dures et protocoles rigoureux:<\/u><\/em><\/p>\n<ul>\n<li>Pour les pratiques de nettoyage et d\u00e9sinfection sur tous nos sites;<\/li>\n<li>Suivi de l\u2019\u00e9volution sur chaque site;<\/li>\n<li>Distribution de kits d\u2019urgence \u00e0 nos sites et communaut\u00e9s pour aider \u00e0 lutter contre une \u00e9ventuelle \u00e9pid\u00e9mie.<\/li>\n<\/ul>\n<p>Nous faisons tout notre possible pour s\u2019adapter aux circonstances individuelles, afin d\u2019assurer un fonctionnement continu. Nous appr\u00e9cions les efforts de chacun pour faire face \u00e0 cette situation sans pr\u00e9c\u00e9dent.<\/p>\n<p>Sinc\u00e8rement,<\/p>\n<p>&nbsp;<\/p>\n<p style=\"text-align: left;\">Gestion ADC<\/p>\n","protected":false},"excerpt":{"rendered":"<p>23 mars 2020 Nous vivons une p\u00e9riode difficile et nous adapter \u00e0 une situation en constante \u00e9volution rend la t\u00e2che encore plus difficile. Ce qui reste le m\u00eame dans cette incertitude, c\u2019est l\u2019engagement de Gestion ADC \u00e0 maintenir la s\u00e9curit\u00e9 de nos employ\u00e9s, clients, partenaires et communaut\u00e9s. Nous prenons une position stricte face \u00e0 l&#8217;adversit\u00e9 [&hellip;]<\/p>\n","protected":false},"author":25,"featured_media":0,"parent":0,"menu_order":0,"comment_status":"closed","ping_status":"closed","template":"","meta":{"footnotes":""},"_links":{"self":[{"href":"https:\/\/gestionadc.ca\/en\/wp-json\/wp\/v2\/pages\/7704"}],"collection":[{"href":"https:\/\/gestionadc.ca\/en\/wp-json\/wp\/v2\/pages"}],"about":[{"href":"https:\/\/gestionadc.ca\/en\/wp-json\/wp\/v2\/types\/page"}],"author":[{"embeddable":true,"href":"https:\/\/gestionadc.ca\/en\/wp-json\/wp\/v2\/users\/25"}],"replies":[{"embeddable":true,"href":"https:\/\/gestionadc.ca\/en\/wp-json\/wp\/v2\/comments?post=7704"}],"version-history":[{"count":6,"href":"https:\/\/gestionadc.ca\/en\/wp-json\/wp\/v2\/pages\/7704\/revisions"}],"predecessor-version":[{"id":21392,"href":"https:\/\/gestionadc.ca\/en\/wp-json\/wp\/v2\/pages\/7704\/revisions\/21392"}],"wp:attachment":[{"href":"https:\/\/gestionadc.ca\/en\/wp-json\/wp\/v2\/media?parent=7704"}],"curies":[{"name":"wp","href":"https:\/\/api.w.org\/{rel}","templated":true}]}}