{"id":5238,"date":"2018-08-22T08:18:14","date_gmt":"2018-08-22T12:18:14","guid":{"rendered":"http:\/\/gestionadc.ca\/?page_id=5238"},"modified":"2025-04-17T07:00:39","modified_gmt":"2025-04-17T11:00:39","slug":"conditions-dutilisation","status":"publish","type":"page","link":"https:\/\/gestionadc.ca\/en\/conditions-dutilisation\/","title":{"rendered":"Conditions d&#8217;utilisation"},"content":{"rendered":"[vc_row][vc_column][vc_column_text css=&#8221;.vc_custom_1744887622914{margin-bottom: 0px !important;}&#8221;]\n<h1>Conditions d&#8217;utilisation<\/h1>\n<h2 style=\"text-align: left;\">CONFIDENTIALIT\u00c9<\/h2>\n<p>Les renseignements personnels sont ceux qui portent sur une personne physique et permettent de l\u2019identifier. Gestion ADC s\u2019impose des mesures strictes de s\u00e9curit\u00e9 et de protection de la vie priv\u00e9e et des renseignements personnels. Soyez assur\u00e9 qu\u2019aucun renseignement de ce type ne sera recueilli sans votre consentement.<\/p>\n<h3>Qui exploite \u2018Gestion ADC\u2018?<\/h3>\n<p>Le site est exploit\u00e9 par l\u2019entreprise \u2018Gestion ADC\u2018.<\/p>\n<h3>Cadre juridique<\/h3>\n<p>Le site est publi\u00e9 \u00e0 partir du Qu\u00e9bec, au Canada. Les lois qu\u00e9b\u00e9coises et canadiennes prot\u00e8gent les renseignements personnels de l\u2019utilisateur. Vous pouvez vous enqu\u00e9rir de vos droits en consultant le site de la Commission d\u2019acc\u00e8s \u00e0 l\u2019information du Qu\u00e9bec et du Commissariat \u00e0 la protection de la vie priv\u00e9e du Canada.<\/p>\n<h3>Renseignements personnels<\/h3>\n<p>Gestion ADC ne recueille pas de renseignements personnels dans son site Web, sauf ceux fournis de plein gr\u00e9 par son utilisateur. Dans certaines circonstances, par exemple lors de l\u2019inscription \u00e0 un bulletin de nouvelles ou \u00e0 un concours publicitaire en ligne, Gestion ADC requiert que vous remplissiez un formulaire avec votre nom, adresse, adresse de courriel et certaines autres informations personnelles.<br \/>\nEn tout temps, vous \u00eates explicitement et pr\u00e9alablement averti que ces informations feront l\u2019objet d\u2019un traitement : envoi de documentation imprim\u00e9e ou \u00e9lectronique, r\u00e9ponse \u00e0 des demandes d\u2019information ou abonnement \u00e0 des bulletins \u00e9lectroniques. Gestion ADC vous demandera parfois, via des formulaires, si vous \u00eates int\u00e9ress\u00e9 \u00e0 recevoir des renseignements au sujet d\u2019autres services, concours ou des nouvelles \u00e0 propos de l\u2019industrie touristique r\u00e9gional. Vous aurez toujours le choix de d\u00e9cliner cette demande ou de cesser un abonnement \u00e0 un service personnalis\u00e9 que vous auriez pr\u00e9alablement choisi.<br \/>\n\u00c0 moins d\u2019un avis contraire, aucun renseignement personnel n\u2019est vendu, lou\u00e9, \u00e9chang\u00e9 ni transmis \u00e0 quiconque. Tous les renseignements personnels d\u00e9tenus ou recueillis sont prot\u00e9g\u00e9s en vertu de la Loi sur la protection des renseignements personnels et les documents \u00e9lectroniques.<\/p>\n<h3>Bulletins \u00e9lectroniques<\/h3>\n<p>Gestion ADC ne fait pas de multipostages abusifs. Vous pouvez vous abonner pour recevoir gratuitement de l\u2019information sur diff\u00e9rents produits. En tout temps, vous aurez la libert\u00e9 d\u2019annuler vous-m\u00eame votre inscription, sans avoir \u00e0 donner d\u2019explication. Vous pourrez \u00e9galement v\u00e9rifier les renseignements que Gestion ADC poss\u00e8de sur vous.<\/p>\n<h3>Utilisation des t\u00e9moins \u00ab cookies \u00bb<\/h3>\n<p>Les t\u00e9moins ou cookies sont de petits fichiers de texte adress\u00e9s \u00e0 votre logiciel de navigation lorsque vous visitez un site Web. Ils se stockent de fa\u00e7on temporaire ou permanente sur votre disque dur pour garder des traces de votre visite. Ainsi, les cookies peuvent accro\u00eetre l\u2019utilit\u00e9 du Web en sauvegardant des informations concernant vos pr\u00e9f\u00e9rences pour un site particulier et rendre votre prochaine visite plus efficace.<br \/>\nL\u2019utilisation des cookies est de pratique courante et est maintenant un standard dans le monde informatique. La plupart des sites majeurs les utilisent pour mieux servir leurs clients. La plupart des fureteurs (browsers) sont con\u00e7us pour les accepter. Vous pouvez toujours modifier vos param\u00e8tres afin de refuser les cookies si vous le d\u00e9sirez. Dans ce cas toutefois, vous pourriez ne pas b\u00e9n\u00e9ficier de tous les \u00e9l\u00e9ments d\u2019un site Web.<\/p>\n<h3>L\u2019utilisation des \u00ab cookies \u00bb par Gestion ADC<\/h3>\n<p>Le site utilise des t\u00e9moins inoffensifs dans le but d\u2019\u00e9tablir le trafic, par ailleurs anonyme, sur son site. Ces derniers enregistrent des renseignements statistiques tels que les adresses IP des visiteurs, le type de syst\u00e8me d\u2019exploitation, le temps et la dur\u00e9e de la visite et les pages Web consult\u00e9es.<\/p>\n<p>Il s\u2019agit l\u00e0 de donn\u00e9es qui ne peuvent pas vous identifier, mais qui sont utiles aux services marketing et Web de Gestion ADC. Ces donn\u00e9es sont par la suite utilis\u00e9es pour am\u00e9liorer son site Web tout en s\u2019assurant que celui-ci offre une exp\u00e9rience optimale aux visiteurs.<\/p>\n<p>Plus sp\u00e9cifiquement:<\/p>\n<ul>\n<li>Les fournisseurs tiers, y compris Google, diffusent nos annonces sur des sites Web<br \/>\nLes fournisseurs tiers, y compris Google, utilisent des cookies pour diffuser nos annonces en fonction des visites ant\u00e9rieures des internautes sur notre site Web.<br \/>\nLes internautes peuvent d\u00e9sactiver l\u2019utilisation des cookies par Google via la page \u201cPublicit\u00e9 et confidentialit\u00e9\u201d . Si vous souhaitez d\u00e9sactiver l\u2019utilisation des cookies par un fournisseur tiers, veillez visiter la page de d\u00e9sactivation de Network Advertising Initiative<\/li>\n<\/ul>\n<h3>Marques de commerce et droits d\u2019auteur<\/h3>\n<p>Tout le contenu du site (textes, graphiques, images, logos, interfaces, code, contenu textuel et sa disposition) est la propri\u00e9t\u00e9 de Gestion ADC et\/ou de ses membres et partenaires. Ce dernier est prot\u00e9g\u00e9 par droits d\u2019auteur. Il est strictement interdit de le reproduire, le publier, le rediffuser, le transmettre ou l\u2019utiliser d\u2019une quelconque mani\u00e8re sans un consentement pr\u00e9alable \u00e9crit.<\/p>\n<p>Toutes les marques de commerce, enregistr\u00e9es ou non, tous les noms commerciaux et raisons sociales appartiennent \u00e0 Gestion ADC ou au titulaire respectif qui a accord\u00e9 le droit exclusif et l\u2019autorisation de les utiliser.<\/p>\n<p>Pour toute information ou autorisation concernant les droits d\u2019auteur, communiquez avec info@gestionadc.ca<\/p>\n<h3>Photos et vid\u00e9os<\/h3>\n<p>Les photos illustrant ce site ne peuvent pas \u00eatre reproduites ou utilis\u00e9es. Les vid\u00e9os ne peuvent \u00eatre utilis\u00e9es \u00e0 d\u2019autres fins que la visualisation, ni reproduites en tout ou en partie sans une autorisation \u00e9crite de Gestion ADC.<\/p>\n<h3>V\u00e9rification, commentaires ou plainte<\/h3>\n<p>L\u2019utilisateur peut demander de conna\u00eetre, rectifier ou annuler les renseignements personnels d\u00e9tenus sur lui. Si vous avez des pr\u00e9occupations ou des questions concernant le respect de votre vie priv\u00e9e ou la protection de vos renseignements personnels, veuillez communiquer avec Gestion ADC aux coordonn\u00e9es suivantes :<\/p>\n<p><strong>Gestion ADC<\/strong><br \/>\n1991 Francis Hughes,<br \/>\nLaval, Qu\u00e9bec H7E 1A3<br \/>\nT\u00e9l\u00e9phone: 514 469-1605<br \/>\nEmail: info@gestionadc.ca<\/p>\n<p>En utilisant ce site Web, l\u2019utilisateur reconna\u00eet avoir lu, compris et accept\u00e9 les conditions et les limites de responsabilit\u00e9 d\u00e9crites dans les rubriques ci-dessus.[\/vc_column_text][\/vc_column][\/vc_row]\n","protected":false},"excerpt":{"rendered":"<p>[vc_row][vc_column][vc_column_text css=&#8221;.vc_custom_1744887622914{margin-bottom: 0px !important;}&#8221;] Conditions d&#8217;utilisation CONFIDENTIALIT\u00c9 Les renseignements personnels sont ceux qui portent sur une personne physique et permettent de l\u2019identifier. Gestion ADC s\u2019impose des mesures strictes de s\u00e9curit\u00e9 et de protection de la vie priv\u00e9e et des renseignements personnels. Soyez assur\u00e9 qu\u2019aucun renseignement de ce type ne sera recueilli sans votre consentement. Qui [&hellip;]<\/p>\n","protected":false},"author":25,"featured_media":0,"parent":0,"menu_order":0,"comment_status":"closed","ping_status":"closed","template":"","meta":{"footnotes":""},"_links":{"self":[{"href":"https:\/\/gestionadc.ca\/en\/wp-json\/wp\/v2\/pages\/5238"}],"collection":[{"href":"https:\/\/gestionadc.ca\/en\/wp-json\/wp\/v2\/pages"}],"about":[{"href":"https:\/\/gestionadc.ca\/en\/wp-json\/wp\/v2\/types\/page"}],"author":[{"embeddable":true,"href":"https:\/\/gestionadc.ca\/en\/wp-json\/wp\/v2\/users\/25"}],"replies":[{"embeddable":true,"href":"https:\/\/gestionadc.ca\/en\/wp-json\/wp\/v2\/comments?post=5238"}],"version-history":[{"count":2,"href":"https:\/\/gestionadc.ca\/en\/wp-json\/wp\/v2\/pages\/5238\/revisions"}],"predecessor-version":[{"id":21545,"href":"https:\/\/gestionadc.ca\/en\/wp-json\/wp\/v2\/pages\/5238\/revisions\/21545"}],"wp:attachment":[{"href":"https:\/\/gestionadc.ca\/en\/wp-json\/wp\/v2\/media?parent=5238"}],"curies":[{"name":"wp","href":"https:\/\/api.w.org\/{rel}","templated":true}]}}