{"id":5233,"date":"2018-08-22T08:13:03","date_gmt":"2018-08-22T12:13:03","guid":{"rendered":"http:\/\/gestionadc.ca\/?page_id=5233"},"modified":"2018-08-22T08:13:03","modified_gmt":"2018-08-22T12:13:03","slug":"merci","status":"publish","type":"page","link":"https:\/\/gestionadc.ca\/en\/merci\/","title":{"rendered":"Merci"},"content":{"rendered":"<h1>Merci<\/h1>\n<p>Votre message a \u00e9t\u00e9 envoy\u00e9.<\/p>\n<p>Retour \u00e0 l&#8217;<a href=\"\/\">accueil<\/a><\/p>\n","protected":false},"excerpt":{"rendered":"<p>Merci Votre message a \u00e9t\u00e9 envoy\u00e9. Retour \u00e0 l&#8217;accueil<\/p>\n","protected":false},"author":25,"featured_media":0,"parent":0,"menu_order":0,"comment_status":"closed","ping_status":"closed","template":"","meta":{"footnotes":""},"_links":{"self":[{"href":"https:\/\/gestionadc.ca\/en\/wp-json\/wp\/v2\/pages\/5233"}],"collection":[{"href":"https:\/\/gestionadc.ca\/en\/wp-json\/wp\/v2\/pages"}],"about":[{"href":"https:\/\/gestionadc.ca\/en\/wp-json\/wp\/v2\/types\/page"}],"author":[{"embeddable":true,"href":"https:\/\/gestionadc.ca\/en\/wp-json\/wp\/v2\/users\/25"}],"replies":[{"embeddable":true,"href":"https:\/\/gestionadc.ca\/en\/wp-json\/wp\/v2\/comments?post=5233"}],"version-history":[{"count":1,"href":"https:\/\/gestionadc.ca\/en\/wp-json\/wp\/v2\/pages\/5233\/revisions"}],"predecessor-version":[{"id":5234,"href":"https:\/\/gestionadc.ca\/en\/wp-json\/wp\/v2\/pages\/5233\/revisions\/5234"}],"wp:attachment":[{"href":"https:\/\/gestionadc.ca\/en\/wp-json\/wp\/v2\/media?parent=5233"}],"curies":[{"name":"wp","href":"https:\/\/api.w.org\/{rel}","templated":true}]}}