{"id":5126,"date":"2018-07-17T10:26:17","date_gmt":"2018-07-17T14:26:17","guid":{"rendered":"http:\/\/gestionadc.ca\/?page_id=5126"},"modified":"2024-05-27T10:14:20","modified_gmt":"2024-05-27T14:14:20","slug":"contactez-nous","status":"publish","type":"page","link":"https:\/\/gestionadc.ca\/en\/contactez-nous\/","title":{"rendered":"Contactez-nous"},"content":{"rendered":"[mk_page_section bg_image=&#8221;http:\/\/gestionadc.ca\/wp-content\/uploads\/460588189-chantier-opt.jpg&#8221; bg_color=&#8221;rgba(123,123,123,0.48)&#8221; blend_mode=&#8221;multiply&#8221; bg_repeat=&#8221;no-repeat&#8221; bg_stretch=&#8221;true&#8221; video_mask=&#8221;true&#8221; video_color_mask=&#8221;#000000&#8243; video_opacity=&#8221;.4&#8243; padding_top=&#8221;0&#8243; padding_bottom=&#8221;140&#8243; sidebar=&#8221;sidebar-1&#8243;][vc_column width=&#8221;1\/4&#8243;][\/vc_column][\/mk_page_section][vc_row css=&#8221;.vc_custom_1590417630959{padding-top: 80px !important;padding-bottom: 80px !important;}&#8221; el_class=&#8221;background-color: fffff&#8221;][vc_column width=&#8221;1\/3&#8243;][mk_padding_divider size=&#8221;20&#8243;][mk_fancy_title tag_name=&#8221;h1&#8243; color=&#8221;#e8971e&#8221; size=&#8221;36&#8243; force_font_size=&#8221;true&#8221; size_phone=&#8221;30&#8243; font_weight=&#8221;400&#8243; font_family=&#8221;none&#8221; animation=&#8221;top-to-bottom&#8221;]Contactez-nous<br \/>\npour plus d\u2019informations sur nos services[\/mk_fancy_title][vc_column_text disable_pattern=&#8221;false&#8221; css=&#8221;.vc_custom_1531837718554{margin-bottom: 0px !important;}&#8221;]Vos besoins sont sp\u00e9cifiques et nous sommes l\u00e0 pour y r\u00e9pondre. N\u2019h\u00e9sitez pas \u00e0 communiquer avec nous pour obtenir plus d\u2019informations sur nos services ou encore pour demander une soumission.[\/vc_column_text][mk_padding_divider size=&#8221;20&#8243; visibility=&#8221;hidden-sm&#8221;][vc_column_text css=&#8221;.vc_custom_1716819245260{margin-bottom: 0px !important;}&#8221;]<img loading=\"lazy\" decoding=\"async\" class=\"size-full wp-image-5005 aligncenter\" src=\"http:\/\/gestionadc.ca\/wp-content\/uploads\/logo_gestion_adc-padd-t.png\" alt=\"\" width=\"135\" height=\"80\" \/><\/p>\n<p><a href=\"https:\/\/www.google.com\/search?client=safari&amp;rls=en&amp;q=203+opemiska+meskino&amp;ie=UTF-8&amp;oe=UTF-8#\" target=\"_blank\" rel=\"noopener noreferrer\"><strong>Si\u00e8ge Social <img loading=\"lazy\" decoding=\"async\" class=\"alignnone size-full wp-image-8245\" src=\"http:\/\/gestionadc.ca\/wp-content\/uploads\/icons8-place_marker.png\" alt=\"\" width=\"30\" height=\"30\" srcset=\"https:\/\/gestionadc.ca\/wp-content\/uploads\/icons8-place_marker.png 50w, https:\/\/gestionadc.ca\/wp-content\/uploads\/icons8-place_marker-600x600.png 600w\" sizes=\"(max-width: 30px) 100vw, 30px\" \/> <\/strong><\/a><br \/>\n203 Opemiska Meskino, P.O. Box 1166<br \/>\nOuje-Bougoumou, Qu\u00e9bec G0W 3C0<\/p>\n<p><a href=\"https:\/\/goo.gl\/maps\/mY7ZEaRkPhby4xND8\" target=\"_blank\" rel=\"noopener noreferrer\"><strong>Bureau Administratif <img loading=\"lazy\" decoding=\"async\" class=\"alignnone size-full wp-image-8245\" src=\"http:\/\/gestionadc.ca\/wp-content\/uploads\/icons8-place_marker.png\" alt=\"\" width=\"30\" height=\"30\" srcset=\"https:\/\/gestionadc.ca\/wp-content\/uploads\/icons8-place_marker.png 50w, https:\/\/gestionadc.ca\/wp-content\/uploads\/icons8-place_marker-600x600.png 600w\" sizes=\"(max-width: 30px) 100vw, 30px\" \/><\/strong><\/a><br \/>\n1991, Av Francis-Hughes<br \/>\nLaval, Qu\u00e9bec H7S 2G2<br \/>\n<strong>514 469-1605 <\/strong><br \/>\nSans frais : 1 833 232-4232<\/p>\n[\/vc_column_text][\/vc_column][vc_column width=&#8221;2\/3&#8243; el_class=&#8221;background-color: #0d476a&#8221;]\n<div class=\"wpcf7 no-js\" id=\"wpcf7-f88-o1\" lang=\"en-US\" dir=\"ltr\">\n<div class=\"screen-reader-response\"><p role=\"status\" aria-live=\"polite\" aria-atomic=\"true\"><\/p> <ul><\/ul><\/div>\n<form action=\"\/en\/wp-json\/wp\/v2\/pages\/5126#wpcf7-f88-o1\" method=\"post\" class=\"wpcf7-form init\" aria-label=\"Contact form\" novalidate=\"novalidate\" data-status=\"init\">\n<div style=\"display: none;\">\n<input type=\"hidden\" name=\"_wpcf7\" value=\"88\" \/>\n<input type=\"hidden\" name=\"_wpcf7_version\" value=\"5.7.7\" \/>\n<input type=\"hidden\" name=\"_wpcf7_locale\" value=\"en_US\" \/>\n<input type=\"hidden\" name=\"_wpcf7_unit_tag\" value=\"wpcf7-f88-o1\" \/>\n<input type=\"hidden\" name=\"_wpcf7_container_post\" value=\"0\" \/>\n<input type=\"hidden\" name=\"_wpcf7_posted_data_hash\" value=\"\" \/>\n<\/div>\n<p><span class=\"wpcf7-form-control-wrap\" data-name=\"your-name\"><input size=\"40\" class=\"wpcf7-form-control wpcf7-text wpcf7-validates-as-required\" aria-required=\"true\" aria-invalid=\"false\" placeholder=\"Pr\u00e9nom et nom*\" value=\"\" type=\"text\" name=\"your-name\" \/><\/span><span class=\"wpcf7-form-control-wrap\" data-name=\"your-entreprise\"><input size=\"40\" class=\"wpcf7-form-control wpcf7-text\" aria-invalid=\"false\" placeholder=\"Entreprise\" value=\"\" type=\"text\" name=\"your-entreprise\" \/><\/span><span class=\"wpcf7-form-control-wrap\" data-name=\"your-tel\"><input size=\"40\" class=\"wpcf7-form-control wpcf7-text wpcf7-tel wpcf7-validates-as-required wpcf7-validates-as-tel\" aria-required=\"true\" aria-invalid=\"false\" placeholder=\"T\u00e9l\u00e9phone*\" value=\"\" type=\"tel\" name=\"your-tel\" \/><\/span><span class=\"wpcf7-form-control-wrap\" data-name=\"your-email\"><input size=\"40\" class=\"wpcf7-form-control wpcf7-text wpcf7-email wpcf7-validates-as-required wpcf7-validates-as-email\" aria-required=\"true\" aria-invalid=\"false\" placeholder=\"Courriel*\" value=\"\" type=\"email\" name=\"your-email\" \/><\/span><span class=\"wpcf7-form-control-wrap\" data-name=\"your-message\"><textarea cols=\"40\" rows=\"10\" class=\"wpcf7-form-control wpcf7-textarea wpcf7-validates-as-required\" aria-required=\"true\" aria-invalid=\"false\" placeholder=\"Message*\" name=\"your-message\"><\/textarea><\/span><input class=\"wpcf7-form-control has-spinner wpcf7-submit\" type=\"submit\" value=\"Envoyer\" \/>\n<\/p>\n<p><script>\ndocument.addEventListener( 'wpcf7mailsent', function( event ) {\n location = 'https:\/\/gestionadc.ca\/merci\/';\n}, false );\n<\/script>\n<\/p><div class=\"wpcf7-response-output\" aria-hidden=\"true\"><\/div>\n<\/form>\n<\/div>\n[vc_gmaps link=&#8221;#E-8_JTNDaWZyYW1lJTIwc3JjJTNEJTIyaHR0cHMlM0ElMkYlMkZ3d3cuZ29vZ2xlLmNvbSUyRm1hcHMlMkZkJTJGZW1iZWQlM0ZtaWQlM0QxcUVVNDFxZWdLS3VTaW1Oa0VsTWNtbFZxQ3Q3dkUyYzMlMjIlMjB3aWR0aCUzRCUyMjY0MCUyMiUyMGhlaWdodCUzRCUyMjQ4MCUyMiUzRSUzQyUyRmlmcmFtZSUzRQ==&#8221;][\/vc_column][\/vc_row]\n","protected":false},"excerpt":{"rendered":"<p>[mk_page_section bg_image=&#8221;http:\/\/gestionadc.ca\/wp-content\/uploads\/460588189-chantier-opt.jpg&#8221; bg_color=&#8221;rgba(123,123,123,0.48)&#8221; blend_mode=&#8221;multiply&#8221; bg_repeat=&#8221;no-repeat&#8221; bg_stretch=&#8221;true&#8221; video_mask=&#8221;true&#8221; video_color_mask=&#8221;#000000&#8243; video_opacity=&#8221;.4&#8243; padding_top=&#8221;0&#8243; padding_bottom=&#8221;140&#8243; sidebar=&#8221;sidebar-1&#8243;][vc_column width=&#8221;1\/4&#8243;][\/vc_column][\/mk_page_section][vc_row css=&#8221;.vc_custom_1590417630959{padding-top: 80px !important;padding-bottom: 80px !important;}&#8221; el_class=&#8221;background-color: fffff&#8221;][vc_column width=&#8221;1\/3&#8243;][mk_padding_divider size=&#8221;20&#8243;][mk_fancy_title tag_name=&#8221;h1&#8243; color=&#8221;#e8971e&#8221; size=&#8221;36&#8243; force_font_size=&#8221;true&#8221; size_phone=&#8221;30&#8243; font_weight=&#8221;400&#8243; font_family=&#8221;none&#8221; animation=&#8221;top-to-bottom&#8221;]Contactez-nous pour plus d\u2019informations sur nos services[\/mk_fancy_title][vc_column_text disable_pattern=&#8221;false&#8221; css=&#8221;.vc_custom_1531837718554{margin-bottom: 0px !important;}&#8221;]Vos besoins sont sp\u00e9cifiques et nous sommes l\u00e0 pour y r\u00e9pondre. N\u2019h\u00e9sitez pas \u00e0 communiquer avec [&hellip;]<\/p>\n","protected":false},"author":25,"featured_media":0,"parent":0,"menu_order":0,"comment_status":"closed","ping_status":"closed","template":"","meta":{"footnotes":""},"_links":{"self":[{"href":"https:\/\/gestionadc.ca\/en\/wp-json\/wp\/v2\/pages\/5126"}],"collection":[{"href":"https:\/\/gestionadc.ca\/en\/wp-json\/wp\/v2\/pages"}],"about":[{"href":"https:\/\/gestionadc.ca\/en\/wp-json\/wp\/v2\/types\/page"}],"author":[{"embeddable":true,"href":"https:\/\/gestionadc.ca\/en\/wp-json\/wp\/v2\/users\/25"}],"replies":[{"embeddable":true,"href":"https:\/\/gestionadc.ca\/en\/wp-json\/wp\/v2\/comments?post=5126"}],"version-history":[{"count":42,"href":"https:\/\/gestionadc.ca\/en\/wp-json\/wp\/v2\/pages\/5126\/revisions"}],"predecessor-version":[{"id":21500,"href":"https:\/\/gestionadc.ca\/en\/wp-json\/wp\/v2\/pages\/5126\/revisions\/21500"}],"wp:attachment":[{"href":"https:\/\/gestionadc.ca\/en\/wp-json\/wp\/v2\/media?parent=5126"}],"curies":[{"name":"wp","href":"https:\/\/api.w.org\/{rel}","templated":true}]}}