{"id":5078,"date":"2018-06-14T10:20:54","date_gmt":"2018-06-14T14:20:54","guid":{"rendered":"http:\/\/gestionadc.ca\/?page_id=5078"},"modified":"2024-06-20T10:17:10","modified_gmt":"2024-06-20T14:17:10","slug":"services-alimentaires","status":"publish","type":"page","link":"https:\/\/gestionadc.ca\/en\/services-alimentaires\/","title":{"rendered":"Services alimentaires"},"content":{"rendered":"[mk_page_section bg_image=&#8221;http:\/\/gestionadc.ca\/wp-content\/uploads\/service-alimentation-cafeteria-baiejames-opt.jpg&#8221; bg_color=&#8221;rgba(123,123,123,0.48)&#8221; blend_mode=&#8221;multiply&#8221; bg_repeat=&#8221;no-repeat&#8221; bg_stretch=&#8221;true&#8221; video_color_mask=&#8221;#000000&#8243; video_opacity=&#8221;.4&#8243; padding_top=&#8221;0&#8243; padding_bottom=&#8221;140&#8243; sidebar=&#8221;sidebar-1&#8243;][vc_column width=&#8221;3\/4&#8243;][mk_padding_divider size=&#8221;160&#8243; visibility=&#8221;hidden-sm&#8221;][mk_padding_divider size=&#8221;100&#8243;][mk_fancy_title tag_name=&#8221;h5&#8243; color=&#8221;#ffffff&#8221; size=&#8221;24&#8243; line_height=&#8221;90&#8243; font_weight=&#8221;400&#8243; txt_transform=&#8221;uppercase&#8221; margin_bottom=&#8221;0&#8243; font_family=&#8221;none&#8221;]<span style=\"color: #ffffff;\">Notre mission:<\/span>[\/mk_fancy_title][mk_fancy_title tag_name=&#8221;h1&#8243; color=&#8221;#ffffff&#8221; size=&#8221;42&#8243; force_font_size=&#8221;true&#8221; size_tablet=&#8221;38&#8243; size_phone=&#8221;30&#8243; line_height=&#8221;98&#8243; font_weight=&#8221;400&#8243; txt_transform=&#8221;uppercase&#8221; margin_bottom=&#8221;0&#8243; font_family=&#8221;none&#8221;]<span style=\"color: #ffffff;\">offrir des repas de qualit\u00e9 aux travailleurs sur les chantiers qu\u00e9b\u00e9cois et de la Baie-James<\/span>[\/mk_fancy_title][mk_fancy_title][\/mk_fancy_title][\/vc_column][vc_column width=&#8221;1\/4&#8243;][\/vc_column][\/mk_page_section][vc_row][vc_column][mk_padding_divider size=&#8221;90&#8243;][vc_column_text align=&#8221;center&#8221; css=&#8221;.vc_custom_1528986628061{margin-bottom: 0px !important;}&#8221;]\n<h1>Services alimentaires et de restauration sur chantier<\/h1>\n[\/vc_column_text][mk_padding_divider size=&#8221;70&#8243;][\/vc_column][\/vc_row][vc_row][vc_column width=&#8221;1\/3&#8243;][vc_single_image image=&#8221;8426&#8243; img_size=&#8221;full&#8221; style=&#8221;vc_box_circle_2&#8243;][\/vc_column][vc_column width=&#8221;2\/3&#8243;][mk_padding_divider visibility=&#8221;hidden-sm&#8221;][vc_column_text css=&#8221;.vc_custom_1591232277019{margin-bottom: 0px !important;}&#8221;]<span style=\"text-transform: uppercase;\">ADC, une entreprise qui rapproche les communaut\u00e9s<\/span>[\/vc_column_text][mk_fancy_title color=&#8221;#e8971e&#8221; size=&#8221;36&#8243; force_font_size=&#8221;true&#8221; size_phone=&#8221;30&#8243; font_weight=&#8221;400&#8243; margin_bottom=&#8221;30&#8243; font_family=&#8221;none&#8221; animation=&#8221;top-to-bottom&#8221;]Territoires Cris de la Baie-James[\/mk_fancy_title][vc_column_text disable_pattern=&#8221;false&#8221; css=&#8221;.vc_custom_1529000605247{margin-bottom: 0px !important;}&#8221;]Fond\u00e9e en 1996, Gestion ADC est une compagnie canadienne autonome affili\u00e9e \u00e0 la compagnie de gestion CREECO. Par la promotion et la mise en place de services d\u2019alimentation, de restauration et d\u2019entretien m\u00e9nager sur les territoires des cris de la Baie-James, Gestion ADC a cr\u00e9\u00e9 des opportunit\u00e9s d\u2019emplois pour les communaut\u00e9s locales tout en offrant des repas de qualit\u00e9 aux nombreux travailleurs oeuvrant sur les diff\u00e9rents chantiers des territoires eeyou Istchee Baie-James.<\/p>\n<p>Gr\u00e2ce \u00e0 l\u2019implication de son personnel d\u00e9vou\u00e9, son d\u00e9sir de satisfaire les exigences de ses clients et ses excellentes relations d\u2019affaires avec ses fournisseurs, Gestion ADC est, sans contredit, une entreprise de choix dans le domaine de l\u2019alimentation et restauration sur chantier.<br \/>\n[\/vc_column_text][\/vc_column][\/vc_row][vc_row][vc_column][mk_padding_divider size=&#8221;110&#8243;][\/vc_column][\/vc_row][vc_row][vc_column width=&#8221;2\/3&#8243;][vc_column_text css=&#8221;.vc_custom_1528987448683{margin-bottom: 0px !important;}&#8221;]<span style=\"text-transform: uppercase;\">Services alimentaires et de restauration<\/span>[\/vc_column_text][mk_fancy_title color=&#8221;#e8971e&#8221; size=&#8221;36&#8243; force_font_size=&#8221;true&#8221; size_phone=&#8221;30&#8243; font_weight=&#8221;400&#8243; margin_bottom=&#8221;30&#8243; font_family=&#8221;none&#8221; animation=&#8221;top-to-bottom&#8221;]Aller au-del\u00e0 des attentes[\/mk_fancy_title][vc_column_text disable_pattern=&#8221;false&#8221; css=&#8221;.vc_custom_1718893026057{margin-bottom: 0px !important;}&#8221;]Gestion ADC s\u2019engage \u00e0 servir trois (3) repas substantiels par personne par jour, aux travailleurs sur les chantiers de la Baie-James et du secteur minier, suivant des menus hebdomadaires altern\u00e9s et approuv\u00e9s par le client. Le d\u00e9jeuner et le souper sont pr\u00e9par\u00e9s sous forme de repas chauds tous les jours tandis que le repas du midi et le repas de nuit sont g\u00e9n\u00e9ralement servis au comptoir de distribution et sont compos\u00e9s de sandwichs, desserts, boissons froides et chaudes, etc.<\/p>\n<p>De plus, les repas sont servis 7 jours sur 7 aux travailleurs qui oeuvrent sur le chantier. Un buffet froid est \u00e9galement offert \u00e0 tous les repas. Afin d\u2019offrir une vari\u00e9t\u00e9 de mets, Gestion ADC offre un choix de trois repas principaux lors du souper afin de satisfaire les go\u00fbts de chacun.[\/vc_column_text][vc_row_inner css=&#8221;.vc_custom_1528987670157{margin-top: 0px !important;margin-right: 0px !important;margin-bottom: 0px !important;margin-left: 0px !important;border-top-width: 0px !important;border-right-width: 0px !important;border-bottom-width: 0px !important;border-left-width: 0px !important;padding-top: 0px !important;padding-right: 0px !important;padding-bottom: 0px !important;padding-left: 0px !important;}&#8221;][vc_column_inner width=&#8221;1\/3&#8243;][vc_column_text css=&#8221;.vc_custom_1528987797053{margin-bottom: 0px !important;}&#8221;]\n<ul style=\"margin-top: 0; margin-bottom: 0; padding-top: 0; padding-bottom: 0;\">\n<li>Buffet froid<\/li>\n<li>Muffins et galettes<\/li>\n<li>Breuvages<\/li>\n<li>Services de lunchs<\/li>\n<li>Desserts<\/li>\n<\/ul>\n[\/vc_column_text][\/vc_column_inner][vc_column_inner width=&#8221;1\/3&#8243;][vc_column_text css=&#8221;.vc_custom_1528987802912{margin-bottom: 0px !important;}&#8221;]\n<ul style=\"margin-top: 0; margin-bottom: 0; padding-top: 0; padding-bottom: 0;\">\n<li>Fruits et l\u00e9gumes<\/li>\n<li>Charcuterie<\/li>\n<li>Sandwich<\/li>\n<li>Barre et biscuits<\/li>\n<li>Condiments et accessoires<\/li>\n<\/ul>\n[\/vc_column_text][\/vc_column_inner][vc_column_inner width=&#8221;1\/3&#8243;][vc_column_text css=&#8221;.vc_custom_1528987791102{margin-bottom: 0px !important;}&#8221;]\n<ul style=\"margin-top: 0; margin-bottom: 0; padding-top: 0; padding-bottom: 0;\">\n<li>C\u00e9r\u00e9ales<\/li>\n<li>Produits laitiers<\/li>\n<li>Et plus encore<\/li>\n<\/ul>\n[\/vc_column_text][\/vc_column_inner][\/vc_row_inner][mk_padding_divider size=&#8221;60&#8243; visibility=&#8221;visible-sm&#8221;][\/vc_column][vc_column width=&#8221;1\/3&#8243;][mk_padding_divider size=&#8221;60&#8243; visibility=&#8221;hidden-sm&#8221;][vc_single_image image=&#8221;5007&#8243; img_size=&#8221;full&#8221; style=&#8221;vc_box_circle_2&#8243;][\/vc_column][\/vc_row][vc_row][vc_column][mk_padding_divider size=&#8221;110&#8243;][\/vc_column][\/vc_row][vc_row][vc_column width=&#8221;1\/3&#8243;][mk_padding_divider size=&#8221;10&#8243; visibility=&#8221;hidden-sm&#8221;][vc_single_image image=&#8221;5000&#8243; img_size=&#8221;full&#8221; style=&#8221;vc_box_circle_2&#8243;][\/vc_column][vc_column width=&#8221;2\/3&#8243;][vc_column_text css=&#8221;.vc_custom_1528987461218{margin-bottom: 0px !important;}&#8221;]<span style=\"text-transform: uppercase;\">Certification ISO et engagement de qualit\u00e9<\/span>[\/vc_column_text][mk_fancy_title color=&#8221;#e8971e&#8221; size=&#8221;36&#8243; force_font_size=&#8221;true&#8221; size_phone=&#8221;30&#8243; font_weight=&#8221;400&#8243; margin_bottom=&#8221;30&#8243; font_family=&#8221;none&#8221; animation=&#8221;top-to-bottom&#8221;]Partager son exp\u00e9rience[\/mk_fancy_title][vc_column_text disable_pattern=&#8221;false&#8221; css=&#8221;.vc_custom_1534440489470{margin-bottom: 0px !important;}&#8221;]\u00c9tant la premi\u00e8re entreprise autochtone canadienne du milieu de l\u2019alimentation et de la conciergerie \u00e0 avoir obtenu et \u00e0 maintenir encore \u00e0 ce jour la certification ISO 9001, Gestion ADC travaille sans rel\u00e2che \u00e0 l\u2019am\u00e9lioration continue de ses produits et services afin de r\u00e9pondre ad\u00e9quatement aux besoins de ses clients. Gestion ADC est fier d\u2019\u00eatre certifi\u00e9 <a href=\"https:\/\/www.sgs.com\/en\/certified-clients-and-products\" target=\"_blank\" rel=\"noopener noreferrer\">ISO 9001 par SGS<\/a> (Soci\u00e9t\u00e9 G\u00e9n\u00e9rale de Surveillance) et ce depuis 2004.<\/p>\n<p>Avec Gestion ADC, vous \u00eates assur\u00e9s de b\u00e9n\u00e9ficier d\u2019une \u00e9quipe \u00e0 l\u2019\u00e9coute de vos besoins et qui oeuvre tous les jours \u00e0 aller au-del\u00e0 des exigences de ses clients. Les relations de partenariat de qualit\u00e9 et le respect de la culture ainsi que des valeurs autochtones canadiennes et nord-am\u00e9ricaines forment l\u2019essence m\u00eame de l\u2019entreprise.<br \/>\n[\/vc_column_text][mk_button dimension=&#8221;flat&#8221; size=&#8221;medium&#8221; url=&#8221;\/contactez-nous\/&#8221; margin_top=&#8221;20&#8243; animation=&#8221;fade-in&#8221; bg_color=&#8221;#0d476a&#8221; btn_hover_bg=&#8221;#000000&#8243; btn_hover_txt_color=&#8221;#ffffff&#8221;] Ensemble, assurons la r\u00e9alisation de vos travaux. [\/mk_button][\/vc_column][\/vc_row][vc_row][vc_column][mk_padding_divider size=&#8221;140&#8243;][\/vc_column][\/vc_row]\n","protected":false},"excerpt":{"rendered":"<p>[mk_page_section bg_image=&#8221;http:\/\/gestionadc.ca\/wp-content\/uploads\/service-alimentation-cafeteria-baiejames-opt.jpg&#8221; bg_color=&#8221;rgba(123,123,123,0.48)&#8221; blend_mode=&#8221;multiply&#8221; bg_repeat=&#8221;no-repeat&#8221; bg_stretch=&#8221;true&#8221; video_color_mask=&#8221;#000000&#8243; video_opacity=&#8221;.4&#8243; padding_top=&#8221;0&#8243; padding_bottom=&#8221;140&#8243; sidebar=&#8221;sidebar-1&#8243;][vc_column width=&#8221;3\/4&#8243;][mk_padding_divider size=&#8221;160&#8243; visibility=&#8221;hidden-sm&#8221;][mk_padding_divider size=&#8221;100&#8243;][mk_fancy_title tag_name=&#8221;h5&#8243; color=&#8221;#ffffff&#8221; size=&#8221;24&#8243; line_height=&#8221;90&#8243; font_weight=&#8221;400&#8243; txt_transform=&#8221;uppercase&#8221; margin_bottom=&#8221;0&#8243; font_family=&#8221;none&#8221;]Notre mission:[\/mk_fancy_title][mk_fancy_title tag_name=&#8221;h1&#8243; color=&#8221;#ffffff&#8221; size=&#8221;42&#8243; force_font_size=&#8221;true&#8221; size_tablet=&#8221;38&#8243; size_phone=&#8221;30&#8243; line_height=&#8221;98&#8243; font_weight=&#8221;400&#8243; txt_transform=&#8221;uppercase&#8221; margin_bottom=&#8221;0&#8243; font_family=&#8221;none&#8221;]offrir des repas de qualit\u00e9 aux travailleurs sur les chantiers qu\u00e9b\u00e9cois et de la Baie-James[\/mk_fancy_title][mk_fancy_title][\/mk_fancy_title][\/vc_column][vc_column width=&#8221;1\/4&#8243;][\/vc_column][\/mk_page_section][vc_row][vc_column][mk_padding_divider size=&#8221;90&#8243;][vc_column_text align=&#8221;center&#8221; css=&#8221;.vc_custom_1528986628061{margin-bottom: 0px !important;}&#8221;] [&hellip;]<\/p>\n","protected":false},"author":25,"featured_media":0,"parent":0,"menu_order":0,"comment_status":"closed","ping_status":"closed","template":"","meta":{"footnotes":""},"_links":{"self":[{"href":"https:\/\/gestionadc.ca\/en\/wp-json\/wp\/v2\/pages\/5078"}],"collection":[{"href":"https:\/\/gestionadc.ca\/en\/wp-json\/wp\/v2\/pages"}],"about":[{"href":"https:\/\/gestionadc.ca\/en\/wp-json\/wp\/v2\/types\/page"}],"author":[{"embeddable":true,"href":"https:\/\/gestionadc.ca\/en\/wp-json\/wp\/v2\/users\/25"}],"replies":[{"embeddable":true,"href":"https:\/\/gestionadc.ca\/en\/wp-json\/wp\/v2\/comments?post=5078"}],"version-history":[{"count":24,"href":"https:\/\/gestionadc.ca\/en\/wp-json\/wp\/v2\/pages\/5078\/revisions"}],"predecessor-version":[{"id":21503,"href":"https:\/\/gestionadc.ca\/en\/wp-json\/wp\/v2\/pages\/5078\/revisions\/21503"}],"wp:attachment":[{"href":"https:\/\/gestionadc.ca\/en\/wp-json\/wp\/v2\/media?parent=5078"}],"curies":[{"name":"wp","href":"https:\/\/api.w.org\/{rel}","templated":true}]}}