{"id":21546,"date":"2025-04-17T07:02:16","date_gmt":"2025-04-17T11:02:16","guid":{"rendered":"https:\/\/gestionadc.ca\/?page_id=21546"},"modified":"2025-04-17T07:02:20","modified_gmt":"2025-04-17T11:02:20","slug":"politique-de-protection-des-renseignements-personnels","status":"publish","type":"page","link":"https:\/\/gestionadc.ca\/en\/politique-de-protection-des-renseignements-personnels\/","title":{"rendered":"Politique de Protection des Renseignements Personnels"},"content":{"rendered":"<h1>Politique de Protection des Renseignements Personnels<\/h1>\n<ol>\n<li><strong> Introduction<\/strong><\/li>\n<\/ol>\n<p><em>GESTION ADC <\/em>s&#8217;engage \u00e0 prot\u00e9ger les renseignements personnels de ses clients, employ\u00e9s, fournisseurs et autres parties prenantes conform\u00e9ment aux exigences de la Loi 25, &#8220;<em>Loi concernant la protection des renseignements personnels dans le secteur priv\u00e9<\/em>&#8220;, et aux autres lois et r\u00e8glements concernant la confidentialit\u00e9 applicable. Cette Politique de Protection des Renseignements Personnels d\u00e9crit les principes et les pratiques que <em>GESTION ADC <\/em>suit dans la collecte, l&#8217;utilisation, la divulgation et la protection des renseignements personnels.<\/p>\n<ol start=\"2\">\n<li><strong> D\u00e9finitions<\/strong><\/li>\n<\/ol>\n<p><strong>Renseignements Personnels:<\/strong> Toute information concernant une personne identifiable, incluant mais sans s&#8217;y limiter le nom, l&#8217;adresse, l&#8217;adresse \u00e9lectronique, le num\u00e9ro de t\u00e9l\u00e9phone, la date de naissance, les informations financi\u00e8res et toute autre information pouvant \u00eatre utilis\u00e9e pour identifier ou distinguer une personne.<\/p>\n<p><strong>Consentement:<\/strong> Accord volontaire \u00e0 la collecte, \u00e0 l&#8217;utilisation ou \u00e0 la divulgation de renseignements personnels \u00e0 des fins pr\u00e9cises, pouvant \u00eatre expr\u00e8s ou tacite.<\/p>\n<p><strong>Responsable de la Protection de la Vie Priv\u00e9e:<\/strong> La personne d\u00e9sign\u00e9e par <em>GESTION ADC <\/em>pour superviser le respect de cette politique et des lois sur la confidentialit\u00e9 applicables.<\/p>\n<ol start=\"3\">\n<li><strong> Collecte de Renseignements Personnels<\/strong><\/li>\n<\/ol>\n<p><em>GESTION ADC <\/em>ne collectera que les renseignements personnels n\u00e9cessaires aux fins identifi\u00e9es par l&#8217;entreprise. Les renseignements personnels seront collect\u00e9s de mani\u00e8re juste et licite.<\/p>\n<p><em>GESTION ADC <\/em>informera les individus des fins auxquelles leurs renseignements personnels sont recueillis, soit au moment de la collecte, soit d\u00e8s que possible par la suite.<\/p>\n<p><em>GESTION ADC <\/em>obtiendra le consentement des individus avant de recueillir leurs renseignements personnels, sauf lorsque cela est permis ou requis par la loi.<\/p>\n<ol start=\"4\">\n<li><strong> Utilisation des Renseignements Personnels<\/strong><\/li>\n<\/ol>\n<p>Les renseignements personnels recueillis par <em>GESTION ADC <\/em>ne seront utilis\u00e9s que pour les fins identifi\u00e9es au moment de la collecte ou pour des fins raisonnablement li\u00e9es \u00e0 ces fins.<\/p>\n<p><em>GESTION ADC <\/em>n&#8217;utilisera pas les renseignements personnels \u00e0 d&#8217;autres fins sans obtenir le consentement de la personne concern\u00e9e, sauf si cela est permis ou requis par la loi.<\/p>\n<ol start=\"5\">\n<li><strong> Divulgation des Renseignements Personnels<\/strong><\/li>\n<\/ol>\n<p><em>GESTION ADC <\/em>ne divulguera pas les renseignements personnels \u00e0 des tiers sans obtenir le consentement de la personne concern\u00e9e, sauf si cela est permis ou requis par la loi.<\/p>\n<p>Lors de la divulgation de renseignements personnels \u00e0 des tiers, <em>GESTION ADC <\/em>veillera \u00e0 ce que des mesures de protection appropri\u00e9es soient en place pour prot\u00e9ger la confidentialit\u00e9 et la s\u00e9curit\u00e9 des informations.<\/p>\n<ol start=\"6\">\n<li><strong> S\u00e9curit\u00e9 des Renseignements Personnels<\/strong><\/li>\n<\/ol>\n<p><em>GESTION ADC <\/em>prendra des mesures raisonnables pour prot\u00e9ger les renseignements personnels contre la perte, le vol, l&#8217;acc\u00e8s non autoris\u00e9, la divulgation, la copie, l&#8217;utilisation ou la modification.<\/p>\n<p><em>GESTION ADC <\/em>mettra en \u0153uvre et maintiendra des mesures de s\u00e9curit\u00e9 administratives, techniques et physiques appropri\u00e9es pour prot\u00e9ger les renseignements personnels en sa possession ou sous son contr\u00f4le.<\/p>\n<ol start=\"7\">\n<li><strong> Acc\u00e8s aux Renseignements Personnels<\/strong><\/li>\n<\/ol>\n<p>Sur demande, les individus auront acc\u00e8s \u00e0 leurs renseignements personnels d\u00e9tenus par <em>GESTION ADC<\/em>.<\/p>\n<p>Les individus peuvent demander des corrections \u00e0 leurs renseignements personnels s&#8217;ils estiment qu&#8217;ils sont inexacts ou incomplets. <em>GESTION ADC <\/em>fera des efforts raisonnables pour corriger ces informations en temps opportun.<\/p>\n<ol start=\"8\">\n<li><strong> Responsabilit\u00e9 et Conformit\u00e9<\/strong><\/li>\n<\/ol>\n<p><em>GESTION ADC <\/em>est responsable de veiller au respect de cette politique et des lois sur la confidentialit\u00e9 applicables.<\/p>\n<p>Le Responsable de la Protection de la Vie Priv\u00e9e est responsable de superviser la mise en \u0153uvre et l&#8217;application de cette politique et de r\u00e9pondre aux demandes de renseignements, aux plaintes et aux demandes relatives \u00e0 la protection des renseignements personnels.<\/p>\n<ol start=\"9\">\n<li><strong> Formation et Sensibilisation<\/strong><\/li>\n<\/ol>\n<p><em>GESTION ADC<\/em> fournira une formation aux employ\u00e9s qui manipulent des renseignements personnels pour s&#8217;assurer qu&#8217;ils comprennent leurs responsabilit\u00e9s en vertu de cette politique et des lois sur la confidentialit\u00e9 applicables.<\/p>\n<p><em>GESTION ADC <\/em>sensibilisera les employ\u00e9s, les clients et autres parties prenantes \u00e0 l&#8217;importance de prot\u00e9ger les renseignements personnels et \u00e0 leurs droits relatifs \u00e0 la confidentialit\u00e9.<\/p>\n<ol start=\"10\">\n<li><strong> R\u00e9vision <\/strong><\/li>\n<\/ol>\n<p>Cette politique sera examin\u00e9e et r\u00e9vis\u00e9e au besoin pour s&#8217;assurer qu&#8217;elle reste actuelle et efficace dans la protection des renseignements personnels et la conformit\u00e9 aux lois sur la confidentialit\u00e9 applicable.<\/p>\n<ol start=\"11\">\n<li><strong> Coordonn\u00e9es<\/strong><\/li>\n<\/ol>\n<p>Pour toute demande de renseignements, plainte ou demande li\u00e9e \u00e0 la protection des renseignements personnels, les individus peuvent contacter le Responsable de la Protection de la Vie Priv\u00e9e \u00e0 <a href=\"mailto:demandeconfidentialite@gestionadc.ca\">demandeconfidentialite@gestionadc.ca<\/a>.<\/p>\n<ol start=\"12\">\n<li><strong> Date d&#8217;Entr\u00e9e en Vigueur<\/strong><\/li>\n<\/ol>\n<p>Cette Politique de Protection des Renseignements Personnels est en vigueur \u00e0 partir du 27<em> mars 2025<\/em>.<\/p>\n<p><strong>Certification:<\/strong><\/p>\n<p>Cette Politique de Protection des Renseignements Personnels a \u00e9t\u00e9 approuv\u00e9e et adopt\u00e9e par le Conseil d&#8217;Administration de <em>GESTION ADC <\/em>le <em>27 mars 2025<\/em>.<\/p>\n<p>&nbsp;<\/p>\n<p>&nbsp;<\/p>\n","protected":false},"excerpt":{"rendered":"<p>Politique de Protection des Renseignements Personnels Introduction GESTION ADC s&#8217;engage \u00e0 prot\u00e9ger les renseignements personnels de ses clients, employ\u00e9s, fournisseurs et autres parties prenantes conform\u00e9ment aux exigences de la Loi 25, &#8220;Loi concernant la protection des renseignements personnels dans le secteur priv\u00e9&#8220;, et aux autres lois et r\u00e8glements concernant la confidentialit\u00e9 applicable. Cette Politique de [&hellip;]<\/p>\n","protected":false},"author":25,"featured_media":0,"parent":0,"menu_order":0,"comment_status":"closed","ping_status":"closed","template":"","meta":{"footnotes":""},"_links":{"self":[{"href":"https:\/\/gestionadc.ca\/en\/wp-json\/wp\/v2\/pages\/21546"}],"collection":[{"href":"https:\/\/gestionadc.ca\/en\/wp-json\/wp\/v2\/pages"}],"about":[{"href":"https:\/\/gestionadc.ca\/en\/wp-json\/wp\/v2\/types\/page"}],"author":[{"embeddable":true,"href":"https:\/\/gestionadc.ca\/en\/wp-json\/wp\/v2\/users\/25"}],"replies":[{"embeddable":true,"href":"https:\/\/gestionadc.ca\/en\/wp-json\/wp\/v2\/comments?post=21546"}],"version-history":[{"count":1,"href":"https:\/\/gestionadc.ca\/en\/wp-json\/wp\/v2\/pages\/21546\/revisions"}],"predecessor-version":[{"id":21547,"href":"https:\/\/gestionadc.ca\/en\/wp-json\/wp\/v2\/pages\/21546\/revisions\/21547"}],"wp:attachment":[{"href":"https:\/\/gestionadc.ca\/en\/wp-json\/wp\/v2\/media?parent=21546"}],"curies":[{"name":"wp","href":"https:\/\/api.w.org\/{rel}","templated":true}]}}