{"id":5194,"date":"2018-08-16T15:16:44","date_gmt":"2018-08-16T19:16:44","guid":{"rendered":"http:\/\/gestionadc.ca\/?page_id=5194"},"modified":"2025-12-15T10:38:52","modified_gmt":"2025-12-15T15:38:52","slug":"careers","status":"publish","type":"page","link":"http:\/\/gestionadc.ca\/en\/careers\/","title":{"rendered":"Careers"},"content":{"rendered":"[mk_page_section bg_image=&#8221;http:\/\/gestionadc.ca\/wp-content\/uploads\/emploi-equipecafeteria-opt.jpg&#8221; bg_color=&#8221;rgba(123,123,123,0.48)&#8221; blend_mode=&#8221;multiply&#8221; bg_repeat=&#8221;no-repeat&#8221; bg_stretch=&#8221;true&#8221; video_color_mask=&#8221;#000000&#8243; video_opacity=&#8221;.4&#8243; padding_top=&#8221;0&#8243; padding_bottom=&#8221;140&#8243; sidebar=&#8221;sidebar-1&#8243;][vc_column width=&#8221;10\/12&#8243;][mk_padding_divider size=&#8221;160&#8243; visibility=&#8221;hidden-sm&#8221;][mk_padding_divider size=&#8221;100&#8243;][mk_fancy_title tag_name=&#8221;h5&#8243; color=&#8221;#ffffff&#8221; size=&#8221;24&#8243; line_height=&#8221;90&#8243; font_weight=&#8221;400&#8243; txt_transform=&#8221;uppercase&#8221; margin_bottom=&#8221;0&#8243; font_family=&#8221;none&#8221;]\n<p>Our commitment to our employees :<\/p>\n[\/mk_fancy_title][mk_fancy_title tag_name=&#8221;h1&#8243; color=&#8221;#ffffff&#8221; size=&#8221;42&#8243; force_font_size=&#8221;true&#8221; size_tablet=&#8221;38&#8243; size_phone=&#8221;30&#8243; line_height=&#8221;98&#8243; font_weight=&#8221;400&#8243; txt_transform=&#8221;uppercase&#8221; margin_bottom=&#8221;0&#8243; font_family=&#8221;none&#8221;]helping to improve your quality of life[\/mk_fancy_title][\/vc_column][vc_column width=&#8221;2\/12&#8243;][\/vc_column][\/mk_page_section][vc_row][vc_column][mk_padding_divider size=&#8221;90&#8243;][vc_column_text align=&#8221;center&#8221; css=&#8221;.vc_custom_1534446690742{margin-bottom: 0px !important;}&#8221;]\n<h1>For a job that will improve your quality of life, head this way!<\/h1>\n[\/vc_column_text][mk_padding_divider size=&#8221;70&#8243;][\/vc_column][\/vc_row][vc_row][vc_column width=&#8221;1\/3&#8243;][vc_single_image image=&#8221;5146&#8243; img_size=&#8221;large&#8221; style=&#8221;vc_box_circle_2&#8243;][\/vc_column][vc_column width=&#8221;2\/3&#8243;][mk_padding_divider visibility=&#8221;hidden-sm&#8221;][vc_column_text css=&#8221;.vc_custom_1534446710251{margin-bottom: 0px !important;}&#8221;]<span style=\"text-transform: uppercase;\">Favourable conditions,<\/span>[\/vc_column_text][mk_fancy_title color=&#8221;#e8971e&#8221; size=&#8221;36&#8243; force_font_size=&#8221;true&#8221; size_phone=&#8221;30&#8243; font_weight=&#8221;400&#8243; margin_bottom=&#8221;30&#8243; font_family=&#8221;none&#8221; animation=&#8221;top-to-bottom&#8221;]\n<p>Pleasant work environment<\/p>\n[\/mk_fancy_title][vc_column_text disable_pattern=&#8221;false&#8221; css=&#8221;.vc_custom_1534446743892{margin-bottom: 0px !important;}&#8221;]Gestion ADC offers positions in remote locations, and at its headquarters in Laval. Our popularity resides in our deep commitment to improving our staff\u2019s lives, because we believe that quality of life makes happier, ambitious, and more satisfied employees. Gestion ADC works with the Cree Nation to create jobs for local communities and support aboriginal integration. Jobs are open to all, and respecting Canadian and north-American aboriginal values and culture in the workplace, is important to us.<br \/>\n[\/vc_column_text][mk_button dimension=&#8221;flat&#8221; size=&#8221;medium&#8221; url=&#8221;#apply&#8221; margin_top=&#8221;20&#8243; animation=&#8221;fade-in&#8221; el_class=&#8221;jssmoothslide&#8221; bg_color=&#8221;#e8971e&#8221; btn_hover_bg=&#8221;#000000&#8243; text_color=&#8221;dark&#8221; btn_hover_txt_color=&#8221;#ffdd00&#8243;]Apply now[\/mk_button][\/vc_column][\/vc_row][vc_row][vc_column][mk_padding_divider size=&#8221;110&#8243;][\/vc_column][\/vc_row][vc_row][vc_column width=&#8221;2\/3&#8243;][vc_column_text css=&#8221;.vc_custom_1534446821835{margin-bottom: 0px !important;}&#8221;]<span style=\"text-transform: uppercase;\">An exciting job<\/span>[\/vc_column_text][mk_fancy_title color=&#8221;#e8971e&#8221; size=&#8221;36&#8243; force_font_size=&#8221;true&#8221; size_phone=&#8221;30&#8243; font_weight=&#8221;400&#8243; margin_bottom=&#8221;30&#8243; font_family=&#8221;none&#8221; animation=&#8221;top-to-bottom&#8221;]With many advantages:[\/mk_fancy_title][vc_column_text disable_pattern=&#8221;false&#8221; css=&#8221;.vc_custom_1534446925850{margin-bottom: 0px !important;}&#8221;]\n<ul>\n<li>Very competitive wages, including collective group insurance (dental, travel and long-term disability).<\/li>\n<li>For jobs in remote locations: a pleasant living environment, where employees are housed in exceptional conditions and very well fed. They also have complimentary access to a gym and other leisure activities.<\/li>\n<li>Several positions with atypical schedules that allow for long rest periods (for example: 14 days of work, followed by 14 days off), allowing you to travel if you wish. Transportation to the workplace is also included for those working in remote locations, with atypical schedules.<\/li>\n<li>The pride of working within a dynamic team that actively contributes to regional economic development, and works with recognized organizations such as Hydro-Qu\u00e9bec, Stornoway, Osisko and Goldcorp.<\/li>\n<li>A controlled environment that ensures health and safety for all.<\/li>\n<\/ul>\n[\/vc_column_text][mk_padding_divider size=&#8221;60&#8243; visibility=&#8221;visible-sm&#8221;][\/vc_column][vc_column width=&#8221;1\/3&#8243;][mk_padding_divider size=&#8221;60&#8243; visibility=&#8221;hidden-sm&#8221;][vc_single_image image=&#8221;5111&#8243; img_size=&#8221;large&#8221; style=&#8221;vc_box_circle_2&#8243;][\/vc_column][\/vc_row][vc_row][vc_column][mk_padding_divider size=&#8221;110&#8243;][\/vc_column][\/vc_row][vc_row fullwidth=&#8221;true&#8221; fullwidth_content=&#8221;false&#8221; css=&#8221;.vc_custom_1528985009192{margin-top: 90px !important;margin-bottom: 90px !important;background-color: #ffdd00 !important;}&#8221;][vc_column][mk_padding_divider size=&#8221;90&#8243;][vc_column_text align=&#8221;center&#8221; css=&#8221;.vc_custom_1534446941420{margin-bottom: 0px !important;}&#8221;]<span style=\"text-transform: uppercase;\">Positions available<\/span>[\/vc_column_text][mk_fancy_title color=&#8221;#e8971e&#8221; size=&#8221;36&#8243; force_font_size=&#8221;true&#8221; size_phone=&#8221;30&#8243; font_weight=&#8221;400&#8243; margin_bottom=&#8221;30&#8243; font_family=&#8221;none&#8221; align=&#8221;center&#8221; animation=&#8221;top-to-bottom&#8221;]Send your application today[\/mk_fancy_title][mk_blog style=&#8221;grid&#8221; grid_image_height=&#8221;0&#8243; post_count=&#8221;9&#8243; cat=&#8221;3&#8243;][mk_padding_divider size=&#8221;90&#8243;][\/vc_column][\/vc_row][vc_row css=&#8221;.vc_custom_1534446790695{margin-top: 90px !important;}&#8221; id=&#8221;apply&#8221;][vc_column width=&#8221;1\/2&#8243;][vc_row_inner][vc_column_inner][vc_column_text css=&#8221;.vc_custom_1764182506552{margin-bottom: 0px !important;}&#8221;]\n<h4 style=\"text-align: center;\">View all available position:<\/h4>\n<p style=\"text-align: center;\"><strong>Last update:2026\/04\/14<\/strong><\/p>\n[\/vc_column_text][mk_table]\n<table width=\"100%\">\n<thead>\n<tr>\n<th>Poste(s)<br \/>\nBaie-James:<\/th>\n<th>Description(s) compl\u00e8te(s):<\/th>\n<th>Postuler maintenant<\/th>\n<\/tr>\n<\/thead>\n<tbody>\n<tr>\n<td style=\"vertical-align: center;\" align=\"center\">Poste de Pr\u00e9sident Gestion ADC<\/td>\n<td style=\"vertical-align: center;\" align=\"center\"><a href=\"http:\/\/creeco.ca\/www\/wp-content\/uploads\/2025\/12\/gestion-adc_job-description_president_2025-12-15-posting-2nd.pdf\" target=\"_blank\" rel=\"noopener noreferrer\"><img loading=\"lazy\" decoding=\"async\" class=\"alignnone wp-image-8361\" src=\"http:\/\/gestionadc.ca\/wp-content\/uploads\/36d8f9a5-c026-41a8-a649-620f8fc1daa3-350x240.png\" alt=\"\" width=\"39\" height=\"27\" \/><\/a><\/td>\n<td style=\"vertical-align: center;\" align=\"center\"><button data-id=\"8352\" data-post_id=\"5194\" data-form_style=\"1\" data-allow_outside_click=\"1\" data-width=\"500px\" class=\"wpb-pcf-form-fire wpb-pcf-btn-medium wpb-pcf-btn wpb-pcf-btn-default\">Postuler<\/button><\/td>\n<\/tr>\n<tr>\n<td style=\"vertical-align: center;\" align=\"center\">AIDE-G\u00c9N\u00c9RALE EN CONCIERGERIE<\/td>\n<td style=\"vertical-align: center;\" align=\"center\"><a href=\"http:\/\/gestionadc.ca\/wp-content\/uploads\/versionfinaledescriptionposte-agconciergeriesiteweb-2.pdf\" target=\"_blank\" rel=\"noopener noreferrer\"><img loading=\"lazy\" decoding=\"async\" class=\"alignnone wp-image-8361\" src=\"http:\/\/gestionadc.ca\/wp-content\/uploads\/36d8f9a5-c026-41a8-a649-620f8fc1daa3-350x240.png\" alt=\"\" width=\"39\" height=\"27\" \/><\/a><\/td>\n<td style=\"vertical-align: center;\" align=\"center\"><button data-id=\"8352\" data-post_id=\"5194\" data-form_style=\"1\" data-allow_outside_click=\"1\" data-width=\"500px\" class=\"wpb-pcf-form-fire wpb-pcf-btn-medium wpb-pcf-btn wpb-pcf-btn-default\">Postuler<\/button><\/td>\n<\/tr>\n<tr>\n<td style=\"vertical-align: center;\" align=\"center\">AIDE-G\u00c9N\u00c9RALE EN CUISINE<\/td>\n<td style=\"vertical-align: center;\" align=\"center\"><a href=\"http:\/\/gestionadc.ca\/wp-content\/uploads\/aide-general-en-cuisine.pdf\" target=\"_blank\" rel=\"noopener noreferrer\"><img loading=\"lazy\" decoding=\"async\" class=\"wp-image-8361 size-medium aligncenter\" src=\"http:\/\/gestionadc.ca\/wp-content\/uploads\/36d8f9a5-c026-41a8-a649-620f8fc1daa3-577x600.png\" alt=\"\" width=\"39\" height=\"27\" \/><\/a><\/td>\n<td style=\"vertical-align: center;\" align=\"center\"><button data-id=\"8352\" data-post_id=\"5194\" data-form_style=\"1\" data-allow_outside_click=\"1\" data-width=\"500px\" class=\"wpb-pcf-form-fire wpb-pcf-btn-medium wpb-pcf-btn wpb-pcf-btn-default\">Postuler<\/button><\/td>\n<\/tr>\n<tr>\n<td style=\"vertical-align: center;\" align=\"center\">CUISINI\u00c8RE<\/td>\n<td style=\"vertical-align: center;\" align=\"center\"><a href=\"http:\/\/gestionadc.ca\/wp-content\/uploads\/versionfinaledescription-cuisiniersite-web-2.pdf\" target=\"_blank\" rel=\"noopener noreferrer\"><img loading=\"lazy\" decoding=\"async\" class=\"alignnone wp-image-8361 \" src=\"http:\/\/gestionadc.ca\/wp-content\/uploads\/36d8f9a5-c026-41a8-a649-620f8fc1daa3-577x600.png\" alt=\"\" width=\"37\" height=\"60\" \/><\/a><\/td>\n<td style=\"vertical-align: center;\" align=\"center\"><button data-id=\"8352\" data-post_id=\"5194\" data-form_style=\"1\" data-allow_outside_click=\"1\" data-width=\"500px\" class=\"wpb-pcf-form-fire wpb-pcf-btn-medium wpb-pcf-btn wpb-pcf-btn-default\">Postuler<\/button><\/td>\n<\/tr>\n<tr>\n<td style=\"vertical-align: center;\" align=\"center\">PR\u00c9POS\u00c9(E) \u00c0 L&#8217;ENTRETIEN DES CHAMBRES<\/td>\n<td style=\"vertical-align: center;\" align=\"center\"><a href=\"http:\/\/gestionadc.ca\/wp-content\/uploads\/versionfinaledescription-preposeauxchambressiteweb-1.pdf\" target=\"_blank\" rel=\"noopener noreferrer\"><img loading=\"lazy\" decoding=\"async\" class=\"alignnone wp-image-8361 size-medium\" src=\"http:\/\/gestionadc.ca\/wp-content\/uploads\/36d8f9a5-c026-41a8-a649-620f8fc1daa3-577x600.png\" alt=\"\" width=\"37\" height=\"60\" \/><\/a><\/td>\n<td style=\"vertical-align: center;\" align=\"center\"><button data-id=\"8352\" data-post_id=\"5194\" data-form_style=\"1\" data-allow_outside_click=\"1\" data-width=\"500px\" class=\"wpb-pcf-form-fire wpb-pcf-btn-medium wpb-pcf-btn wpb-pcf-btn-default\">Postuler<\/button><\/td>\n<\/tr>\n<tr>\n<td style=\"text-align: center;\">GESTIONNAIRE DE SITE<\/td>\n<td><a href=\"http:\/\/gestionadc.ca\/wp-content\/uploads\/versionfinaledescription-gestionnairedesitesiteweb-1.pdf\" target=\"_blank\" rel=\"noopener noreferrer\"><img loading=\"lazy\" decoding=\"async\" class=\"wp-image-8361 aligncenter\" src=\"http:\/\/gestionadc.ca\/wp-content\/uploads\/36d8f9a5-c026-41a8-a649-620f8fc1daa3-577x600.png\" alt=\"\" width=\"37\" height=\"60\" \/><\/a><\/td>\n<td style=\"text-align: center;\"><button data-id=\"8352\" data-post_id=\"5194\" data-form_style=\"1\" data-allow_outside_click=\"1\" data-width=\"500px\" class=\"wpb-pcf-form-fire wpb-pcf-btn-medium wpb-pcf-btn wpb-pcf-btn-default\">Postuler<\/button><\/td>\n<\/tr>\n<tr>\n<td style=\"text-align: center;\">CHEF CUISINIER<\/td>\n<td><a href=\"http:\/\/gestionadc.ca\/wp-content\/uploads\/chef-cuisinier.pdf\" target=\"_blank\" rel=\"noopener noreferrer\"><img loading=\"lazy\" decoding=\"async\" class=\"wp-image-8361 aligncenter\" src=\"http:\/\/gestionadc.ca\/wp-content\/uploads\/36d8f9a5-c026-41a8-a649-620f8fc1daa3-577x600.png\" alt=\"\" width=\"37\" height=\"60\" \/><\/a><\/td>\n<td style=\"text-align: center;\"><button data-id=\"8352\" data-post_id=\"5194\" data-form_style=\"1\" data-allow_outside_click=\"1\" data-width=\"500px\" class=\"wpb-pcf-form-fire wpb-pcf-btn-medium wpb-pcf-btn wpb-pcf-btn-default\">Postuler<\/button><\/td>\n<\/tr>\n<tr>\n<td style=\"text-align: center;\">Estimateur en entretien m\u00e9nager du b\u00e2timent<\/td>\n<td><a href=\"http:\/\/gestionadc.ca\/wp-content\/uploads\/estimateur-entretien-menager-batiment.pdf\" target=\"_blank\" rel=\"noopener noreferrer\"><img loading=\"lazy\" decoding=\"async\" class=\"wp-image-8361 aligncenter\" src=\"http:\/\/gestionadc.ca\/wp-content\/uploads\/36d8f9a5-c026-41a8-a649-620f8fc1daa3-577x600.png\" alt=\"\" width=\"37\" height=\"60\" \/><\/a><\/td>\n<td style=\"text-align: center;\"><button data-id=\"8352\" data-post_id=\"5194\" data-form_style=\"1\" data-allow_outside_click=\"1\" data-width=\"500px\" class=\"wpb-pcf-form-fire wpb-pcf-btn-medium wpb-pcf-btn wpb-pcf-btn-default\">Postuler<\/button><\/td>\n<\/tr>\n<\/tbody>\n<\/table>\n[\/mk_table][\/vc_column_inner][\/vc_row_inner][\/vc_column][vc_column width=&#8221;1\/2&#8243;][vc_column_text align=&#8221;center&#8221; css=&#8221;.vc_custom_1534446966964{margin-bottom: 0px !important;}&#8221;]<span style=\"text-transform: uppercase;\">Is quality of life important to you?<\/span>[\/vc_column_text][mk_fancy_title tag_name=&#8221;h1&#8243; size=&#8221;60&#8243; force_font_size=&#8221;true&#8221; size_tablet=&#8221;40&#8243; size_phone=&#8221;30&#8243; font_weight=&#8221;400&#8243; txt_transform=&#8221;none&#8221; font_family=&#8221;none&#8221; align=&#8221;center&#8221; animation=&#8221;top-to-bottom&#8221;]Spontaneous application[\/mk_fancy_title][vc_column_text disable_pattern=&#8221;false&#8221; css=&#8221;.vc_custom_1534446999590{margin-bottom: 0px !important;}&#8221;]We are always looking for candidates that are open to work in remote locations. Fill out the form below and join our list. [\/vc_column_text][mk_padding_divider size=&#8221;60&#8243;]\n<div class=\"wpcf7 no-js\" id=\"wpcf7-f5196-o1\" lang=\"fr-CA\" dir=\"ltr\">\n<div class=\"screen-reader-response\"><p role=\"status\" aria-live=\"polite\" aria-atomic=\"true\"><\/p> <ul><\/ul><\/div>\n<form action=\"\/en\/wp-json\/wp\/v2\/pages\/5194#wpcf7-f5196-o1\" method=\"post\" class=\"wpcf7-form init\" aria-label=\"Contact form\" enctype=\"multipart\/form-data\" novalidate=\"novalidate\" data-status=\"init\">\n<div style=\"display: none;\">\n<input type=\"hidden\" name=\"_wpcf7\" value=\"5196\" \/>\n<input type=\"hidden\" name=\"_wpcf7_version\" value=\"5.7.7\" \/>\n<input type=\"hidden\" name=\"_wpcf7_locale\" value=\"fr_CA\" \/>\n<input type=\"hidden\" name=\"_wpcf7_unit_tag\" value=\"wpcf7-f5196-o1\" \/>\n<input type=\"hidden\" name=\"_wpcf7_container_post\" value=\"0\" \/>\n<input type=\"hidden\" name=\"_wpcf7_posted_data_hash\" value=\"\" \/>\n<\/div>\n<p><span class=\"wpcf7-form-control-wrap\" data-name=\"your-name\"><input size=\"40\" class=\"wpcf7-form-control wpcf7-text wpcf7-validates-as-required\" aria-required=\"true\" aria-invalid=\"false\" placeholder=\"Name*\" value=\"\" type=\"text\" name=\"your-name\" \/><\/span><span class=\"wpcf7-form-control-wrap\" data-name=\"your-firstname\"><input size=\"40\" class=\"wpcf7-form-control wpcf7-text wpcf7-validates-as-required\" aria-required=\"true\" aria-invalid=\"false\" placeholder=\"First name*\" value=\"\" type=\"text\" name=\"your-firstname\" \/><\/span><span class=\"wpcf7-form-control-wrap\" data-name=\"your-phone\"><input size=\"40\" class=\"wpcf7-form-control wpcf7-text wpcf7-tel wpcf7-validates-as-required wpcf7-validates-as-tel\" aria-required=\"true\" aria-invalid=\"false\" placeholder=\"Phone*\" value=\"\" type=\"tel\" name=\"your-phone\" \/><\/span><span class=\"wpcf7-form-control-wrap\" data-name=\"your-email\"><input size=\"40\" class=\"wpcf7-form-control wpcf7-text wpcf7-email wpcf7-validates-as-required wpcf7-validates-as-email\" aria-required=\"true\" aria-invalid=\"false\" placeholder=\"Email*\" value=\"\" type=\"email\" name=\"your-email\" \/><\/span><span class=\"wpcf7-form-control-wrap\" data-name=\"your-address\"><input size=\"40\" class=\"wpcf7-form-control wpcf7-text wpcf7-validates-as-required\" aria-required=\"true\" aria-invalid=\"false\" placeholder=\"Address*\" value=\"\" type=\"text\" name=\"your-address\" \/><\/span><span class=\"wpcf7-form-control-wrap\" data-name=\"your-city\"><input size=\"40\" class=\"wpcf7-form-control wpcf7-text wpcf7-validates-as-required\" aria-required=\"true\" aria-invalid=\"false\" placeholder=\"City*\" value=\"\" type=\"text\" name=\"your-city\" \/><\/span><span class=\"wpcf7-form-control-wrap\" data-name=\"your-cp\"><input size=\"40\" class=\"wpcf7-form-control wpcf7-text wpcf7-validates-as-required\" aria-required=\"true\" aria-invalid=\"false\" placeholder=\"Postal code*\" value=\"\" type=\"text\" name=\"your-cp\" \/><\/span><span class=\"wpcf7-form-control-wrap\" data-name=\"your-position\"><input size=\"40\" class=\"wpcf7-form-control wpcf7-text wpcf7-validates-as-required\" aria-required=\"true\" aria-invalid=\"false\" placeholder=\"Desired position\" value=\"\" type=\"text\" name=\"your-position\" \/><\/span><br \/>\nLevel of education*<br \/>\n<span class=\"wpcf7-form-control-wrap\" data-name=\"your-schooling\"><select class=\"wpcf7-form-control wpcf7-select wpcf7-validates-as-required\" aria-required=\"true\" aria-invalid=\"false\" name=\"your-schooling\"><option value=\"None\">None<\/option><option value=\"Secondary school\">Secondary school<\/option><option value=\"Trade\">Trade<\/option><option value=\"Collegiate\">Collegiate<\/option><option value=\"University\">University<\/option><\/select><\/span><br \/>\nNumber of years of experience for the position*<br \/>\n<span class=\"wpcf7-form-control-wrap\" data-name=\"your-exp\"><select class=\"wpcf7-form-control wpcf7-select wpcf7-validates-as-required\" aria-required=\"true\" aria-invalid=\"false\" name=\"your-exp\"><option value=\"None\">None<\/option><option value=\"0 to less than 1 year\">0 to less than 1 year<\/option><option value=\"1 to less than 2 years\">1 to less than 2 years<\/option><option value=\"2 to less than 5 years\">2 to less than 5 years<\/option><option value=\"5 to less than 10 years\">5 to less than 10 years<\/option><option value=\"more than 10 years)\">more than 10 years)<\/option><\/select><\/span><br \/>\nAttach your resume*<br \/>\n<span class=\"wpcf7-form-control-wrap\" data-name=\"file-cv\"><input size=\"40\" class=\"wpcf7-form-control wpcf7-file wpcf7-validates-as-required\" accept=\"audio\/*,video\/*,image\/*\" aria-required=\"true\" aria-invalid=\"false\" type=\"file\" name=\"file-cv\" \/><\/span><br \/>\nAttach a cover letter<br \/>\n<span class=\"wpcf7-form-control-wrap\" data-name=\"file-presentation\"><input size=\"40\" class=\"wpcf7-form-control wpcf7-file\" accept=\"audio\/*,video\/*,image\/*\" aria-invalid=\"false\" type=\"file\" name=\"file-presentation\" \/><\/span><br \/>\n<input class=\"wpcf7-form-control has-spinner wpcf7-submit\" type=\"submit\" value=\"Send\" \/><br \/>\n<script>\ndocument.addEventListener( 'wpcf7mailsent', function( event ) {\n location = 'https:\/\/gestionadc.ca\/en\/thank-you\/';\n}, false );\n<\/script>\n<\/p><div class=\"wpcf7-response-output\" aria-hidden=\"true\"><\/div>\n<\/form>\n<\/div>\n[\/vc_column][\/vc_row][vc_row][vc_column][mk_padding_divider size=&#8221;120&#8243;][\/vc_column][\/vc_row]\n","protected":false},"excerpt":{"rendered":"<p>[mk_page_section bg_image=&#8221;http:\/\/gestionadc.ca\/wp-content\/uploads\/emploi-equipecafeteria-opt.jpg&#8221; bg_color=&#8221;rgba(123,123,123,0.48)&#8221; blend_mode=&#8221;multiply&#8221; bg_repeat=&#8221;no-repeat&#8221; bg_stretch=&#8221;true&#8221; video_color_mask=&#8221;#000000&#8243; video_opacity=&#8221;.4&#8243; padding_top=&#8221;0&#8243; padding_bottom=&#8221;140&#8243; sidebar=&#8221;sidebar-1&#8243;][vc_column width=&#8221;10\/12&#8243;][mk_padding_divider size=&#8221;160&#8243; visibility=&#8221;hidden-sm&#8221;][mk_padding_divider size=&#8221;100&#8243;][mk_fancy_title tag_name=&#8221;h5&#8243; color=&#8221;#ffffff&#8221; size=&#8221;24&#8243; line_height=&#8221;90&#8243; font_weight=&#8221;400&#8243; txt_transform=&#8221;uppercase&#8221; margin_bottom=&#8221;0&#8243; font_family=&#8221;none&#8221;] Our commitment to our employees : [\/mk_fancy_title][mk_fancy_title tag_name=&#8221;h1&#8243; color=&#8221;#ffffff&#8221; size=&#8221;42&#8243; force_font_size=&#8221;true&#8221; size_tablet=&#8221;38&#8243; size_phone=&#8221;30&#8243; line_height=&#8221;98&#8243; font_weight=&#8221;400&#8243; txt_transform=&#8221;uppercase&#8221; margin_bottom=&#8221;0&#8243; font_family=&#8221;none&#8221;]helping to improve your quality of life[\/mk_fancy_title][\/vc_column][vc_column width=&#8221;2\/12&#8243;][\/vc_column][\/mk_page_section][vc_row][vc_column][mk_padding_divider size=&#8221;90&#8243;][vc_column_text align=&#8221;center&#8221; css=&#8221;.vc_custom_1534446690742{margin-bottom: 0px !important;}&#8221;] For a [&hellip;]<\/p>\n","protected":false},"author":25,"featured_media":0,"parent":0,"menu_order":0,"comment_status":"closed","ping_status":"closed","template":"","meta":{"footnotes":""},"_links":{"self":[{"href":"http:\/\/gestionadc.ca\/en\/wp-json\/wp\/v2\/pages\/5194"}],"collection":[{"href":"http:\/\/gestionadc.ca\/en\/wp-json\/wp\/v2\/pages"}],"about":[{"href":"http:\/\/gestionadc.ca\/en\/wp-json\/wp\/v2\/types\/page"}],"author":[{"embeddable":true,"href":"http:\/\/gestionadc.ca\/en\/wp-json\/wp\/v2\/users\/25"}],"replies":[{"embeddable":true,"href":"http:\/\/gestionadc.ca\/en\/wp-json\/wp\/v2\/comments?post=5194"}],"version-history":[{"count":15,"href":"http:\/\/gestionadc.ca\/en\/wp-json\/wp\/v2\/pages\/5194\/revisions"}],"predecessor-version":[{"id":21576,"href":"http:\/\/gestionadc.ca\/en\/wp-json\/wp\/v2\/pages\/5194\/revisions\/21576"}],"wp:attachment":[{"href":"http:\/\/gestionadc.ca\/en\/wp-json\/wp\/v2\/media?parent=5194"}],"curies":[{"name":"wp","href":"https:\/\/api.w.org\/{rel}","templated":true}]}}