{"id":5107,"date":"2018-07-17T09:15:18","date_gmt":"2018-07-17T13:15:18","guid":{"rendered":"http:\/\/gestionadc.ca\/?page_id=5107"},"modified":"2025-12-15T10:39:27","modified_gmt":"2025-12-15T15:39:27","slug":"carrieres","status":"publish","type":"page","link":"http:\/\/gestionadc.ca\/en\/carrieres\/","title":{"rendered":"Carri\u00e8res"},"content":{"rendered":"[vc_row][vc_column width=&#8221;1\/3&#8243;][vc_single_image image=&#8221;8430&#8243; img_size=&#8221;large&#8221; style=&#8221;vc_box_circle_2&#8243;][\/vc_column][vc_column width=&#8221;2\/3&#8243;][vc_column_text disable_pattern=&#8221;false&#8221; css=&#8221;.vc_custom_1591301745097{margin-bottom: 0px !important;}&#8221;]\n<h2><span style=\"color: #0d476a;\">Du plaisir en travaillant<\/span><\/h2>\n<p style=\"text-align: justify;\">Offrant des postes en r\u00e9gion \u00e9loign\u00e9e, ADC se positionne comme un employeur de choix. \u00a0Vos talents et vos comp\u00e9tences aideront ADC \u00e0 r\u00e9aliser sa planification strat\u00e9gique et vous permettra d\u2019atteindre une qualit\u00e9 de vie et de r\u00e9aliser les objectifs que vous vous \u00eates fix\u00e9s.<\/p>\n<p style=\"text-align: left;\">ADC travaille en partenariat avec les communaut\u00e9s Cries et vise, entre autres, \u00e0 cr\u00e9er des opportunit\u00e9s d\u2019emploi pour les communaut\u00e9s locales, \u00e0 d\u00e9velopper les comp\u00e9tences de chacun et d\u2019offrir un environnement de travail o\u00f9 la collaboration quotidienne en \u00e9quipe est de mise, \u00a0laissant place \u00e0 une ambiance de travail agr\u00e9able. Quelle que soit votre expertise en alimentation, conciergerie ou maintenance, il nous fera plaisir de vous conna\u00eetre.\u00a0 Les emplois sont ouverts \u00e0 tous et l\u2019entreprise pr\u00f4ne le respect de la culture et des valeurs autochtones, canadiennes et nord-am\u00e9ricaines, dans le milieu d\u2019UN EMPLOI STIMULANT.<\/p>\n<h3><strong><span style=\"color: #0d476a;\">Quelques avantages\u2026<\/span><\/strong><\/h3>\n<ul>\n<li>R\u00e9mun\u00e9ration globale tr\u00e8s competitive;<\/li>\n<li>Horaires de travail atypiques qui permettent de longs cong\u00e9s en fonction des postes;\n<ul>\n<li>(Ex.: 14 jours de travail suivis de 14 jours de cong\u00e9).<\/li>\n<\/ul>\n<\/li>\n<\/ul>\n<ul>\n<li>Pour les emplois en r\u00e9gion \u00e9loign\u00e9e:\n<ul>\n<li>Les employ\u00e9s sont log\u00e9s et nourris dans des conditions exceptionnelles;<\/li>\n<li>Acc\u00e8s sans frais \u00e0 des centres de conditionnement physique et de loisirs vari\u00e9s.<\/li>\n<\/ul>\n<\/li>\n<\/ul>\n[\/vc_column_text][\/vc_column][\/vc_row][vc_row css=&#8221;.vc_custom_1531836506017{margin-top: 90px !important;}&#8221; id=&#8221;postuler&#8221;][vc_column width=&#8221;5\/12&#8243; el_class=&#8221;background-color: #0d476a&#8221;][vc_column_text disable_pattern=&#8221;false&#8221; css=&#8221;.vc_custom_1651193882790{margin-bottom: 0px !important;}&#8221;]\n<h4 style=\"text-align: center;\"><span style=\"color: #0d476a;\">Voici la liste des postes actuellement disponibles<\/span><\/h4>\n<p style=\"text-align: center;\"><span style=\"color: #808080;\"><strong>Derni\u00e8re mise-\u00e0-jour:2026\/04\/15<\/strong><\/span><\/p>\n[\/vc_column_text][mk_table]\n<table width=\"100%\">\n<thead>\n<tr>\n<th>Poste(s)<br \/>\nBaie-James:<\/th>\n<th>Description(s) compl\u00e8te(s):<\/th>\n<th>Postuler maintenant<\/th>\n<\/tr>\n<\/thead>\n<tbody>\n<tr>\n<td style=\"vertical-align: center;\" align=\"center\">Poste de Pr\u00e9sident Gestion ADC<\/td>\n<td style=\"vertical-align: center;\" align=\"center\"><a href=\"http:\/\/creeco.ca\/www\/wp-content\/uploads\/2025\/12\/gestion-adc_job-description_president_2025-12-15-posting-2nd.pdf\" target=\"_blank\" rel=\"noopener noreferrer\"><img loading=\"lazy\" decoding=\"async\" class=\"alignnone wp-image-8361\" src=\"http:\/\/gestionadc.ca\/wp-content\/uploads\/36d8f9a5-c026-41a8-a649-620f8fc1daa3-350x240.png\" alt=\"\" width=\"39\" height=\"27\" \/><\/a><\/td>\n<td style=\"vertical-align: center;\" align=\"center\"><button data-id=\"8352\" data-post_id=\"5107\" data-form_style=\"1\" data-allow_outside_click=\"1\" data-width=\"500px\" class=\"wpb-pcf-form-fire wpb-pcf-btn-medium wpb-pcf-btn wpb-pcf-btn-default\">Postuler<\/button><\/td>\n<\/tr>\n<tr>\n<td style=\"vertical-align: center;\" align=\"center\">AIDE-G\u00c9N\u00c9RALE EN CONCIERGERIE<\/td>\n<td style=\"vertical-align: center;\" align=\"center\"><a href=\"http:\/\/gestionadc.ca\/wp-content\/uploads\/versionfinaledescriptionposte-agconciergeriesiteweb-2.pdf\" target=\"_blank\" rel=\"noopener noreferrer\"><img loading=\"lazy\" decoding=\"async\" class=\"alignnone wp-image-8361\" src=\"http:\/\/gestionadc.ca\/wp-content\/uploads\/36d8f9a5-c026-41a8-a649-620f8fc1daa3-350x240.png\" alt=\"\" width=\"39\" height=\"27\" \/><\/a><\/td>\n<td style=\"vertical-align: center;\" align=\"center\"><button data-id=\"8352\" data-post_id=\"5107\" data-form_style=\"1\" data-allow_outside_click=\"1\" data-width=\"500px\" class=\"wpb-pcf-form-fire wpb-pcf-btn-medium wpb-pcf-btn wpb-pcf-btn-default\">Postuler<\/button><\/td>\n<\/tr>\n<tr>\n<td style=\"vertical-align: center;\" align=\"center\">AIDE-G\u00c9N\u00c9RALE EN CUISINE<\/td>\n<td style=\"vertical-align: center;\" align=\"center\"><a href=\"http:\/\/gestionadc.ca\/wp-content\/uploads\/aide-general-en-cuisine.pdf\" target=\"_blank\" rel=\"noopener noreferrer\"><img loading=\"lazy\" decoding=\"async\" class=\"wp-image-8361 size-medium aligncenter\" src=\"http:\/\/gestionadc.ca\/wp-content\/uploads\/36d8f9a5-c026-41a8-a649-620f8fc1daa3-577x600.png\" alt=\"\" width=\"39\" height=\"27\" \/><\/a><\/td>\n<td style=\"vertical-align: center;\" align=\"center\"><button data-id=\"8352\" data-post_id=\"5107\" data-form_style=\"1\" data-allow_outside_click=\"1\" data-width=\"500px\" class=\"wpb-pcf-form-fire wpb-pcf-btn-medium wpb-pcf-btn wpb-pcf-btn-default\">Postuler<\/button><\/td>\n<\/tr>\n<tr>\n<td style=\"vertical-align: center;\" align=\"center\">CUISINI\u00c8RE<\/td>\n<td style=\"vertical-align: center;\" align=\"center\"><a href=\"http:\/\/gestionadc.ca\/wp-content\/uploads\/versionfinaledescription-cuisiniersite-web-2.pdf\" target=\"_blank\" rel=\"noopener noreferrer\"><img loading=\"lazy\" decoding=\"async\" class=\"alignnone wp-image-8361 \" src=\"http:\/\/gestionadc.ca\/wp-content\/uploads\/36d8f9a5-c026-41a8-a649-620f8fc1daa3-577x600.png\" alt=\"\" width=\"37\" height=\"60\" \/><\/a><\/td>\n<td style=\"vertical-align: center;\" align=\"center\"><button data-id=\"8352\" data-post_id=\"5107\" data-form_style=\"1\" data-allow_outside_click=\"1\" data-width=\"500px\" class=\"wpb-pcf-form-fire wpb-pcf-btn-medium wpb-pcf-btn wpb-pcf-btn-default\">Postuler<\/button><\/td>\n<\/tr>\n<tr>\n<td style=\"vertical-align: center;\" align=\"center\">PR\u00c9POS\u00c9(E) \u00c0 L&#8217;ENTRETIEN DES CHAMBRES<\/td>\n<td style=\"vertical-align: center;\" align=\"center\"><a href=\"http:\/\/gestionadc.ca\/wp-content\/uploads\/versionfinaledescription-preposeauxchambressiteweb-1.pdf\" target=\"_blank\" rel=\"noopener noreferrer\"><img loading=\"lazy\" decoding=\"async\" class=\"alignnone wp-image-8361 size-medium\" src=\"http:\/\/gestionadc.ca\/wp-content\/uploads\/36d8f9a5-c026-41a8-a649-620f8fc1daa3-577x600.png\" alt=\"\" width=\"37\" height=\"60\" \/><\/a><\/td>\n<td style=\"vertical-align: center;\" align=\"center\"><button data-id=\"8352\" data-post_id=\"5107\" data-form_style=\"1\" data-allow_outside_click=\"1\" data-width=\"500px\" class=\"wpb-pcf-form-fire wpb-pcf-btn-medium wpb-pcf-btn wpb-pcf-btn-default\">Postuler<\/button><\/td>\n<\/tr>\n<tr>\n<td style=\"text-align: center;\">GESTIONNAIRE DE SITE<\/td>\n<td><a href=\"http:\/\/gestionadc.ca\/wp-content\/uploads\/versionfinaledescription-gestionnairedesitesiteweb-1.pdf\" target=\"_blank\" rel=\"noopener noreferrer\"><img loading=\"lazy\" decoding=\"async\" class=\"wp-image-8361 aligncenter\" src=\"http:\/\/gestionadc.ca\/wp-content\/uploads\/36d8f9a5-c026-41a8-a649-620f8fc1daa3-577x600.png\" alt=\"\" width=\"37\" height=\"60\" \/><\/a><\/td>\n<td style=\"text-align: center;\"><button data-id=\"8352\" data-post_id=\"5107\" data-form_style=\"1\" data-allow_outside_click=\"1\" data-width=\"500px\" class=\"wpb-pcf-form-fire wpb-pcf-btn-medium wpb-pcf-btn wpb-pcf-btn-default\">Postuler<\/button><\/td>\n<\/tr>\n<tr>\n<td style=\"text-align: center;\">CHEF CUISINIER<\/td>\n<td><a href=\"http:\/\/gestionadc.ca\/wp-content\/uploads\/chef-cuisinier.pdf\" target=\"_blank\" rel=\"noopener noreferrer\"><img loading=\"lazy\" decoding=\"async\" class=\"wp-image-8361 aligncenter\" src=\"http:\/\/gestionadc.ca\/wp-content\/uploads\/36d8f9a5-c026-41a8-a649-620f8fc1daa3-577x600.png\" alt=\"\" width=\"37\" height=\"60\" \/><\/a><\/td>\n<td style=\"text-align: center;\"><button data-id=\"8352\" data-post_id=\"5107\" data-form_style=\"1\" data-allow_outside_click=\"1\" data-width=\"500px\" class=\"wpb-pcf-form-fire wpb-pcf-btn-medium wpb-pcf-btn wpb-pcf-btn-default\">Postuler<\/button><\/td>\n<\/tr>\n<tr>\n<td style=\"text-align: center;\">Estimateur en entretien m\u00e9nager du b\u00e2timent<\/td>\n<td><a href=\"http:\/\/gestionadc.ca\/wp-content\/uploads\/estimateur-entretien-menager-batiment.pdf\" target=\"_blank\" rel=\"noopener noreferrer\"><img loading=\"lazy\" decoding=\"async\" class=\"wp-image-8361 aligncenter\" src=\"http:\/\/gestionadc.ca\/wp-content\/uploads\/36d8f9a5-c026-41a8-a649-620f8fc1daa3-577x600.png\" alt=\"\" width=\"37\" height=\"60\" \/><\/a><\/td>\n<td style=\"text-align: center;\"><button data-id=\"8352\" data-post_id=\"5107\" data-form_style=\"1\" data-allow_outside_click=\"1\" data-width=\"500px\" class=\"wpb-pcf-form-fire wpb-pcf-btn-medium wpb-pcf-btn wpb-pcf-btn-default\">Postuler<\/button><\/td>\n<\/tr>\n<\/tbody>\n<\/table>\n[\/mk_table][\/vc_column][vc_column width=&#8221;1\/6&#8243;][\/vc_column][vc_column width=&#8221;5\/12&#8243;][vc_column_text disable_pattern=&#8221;false&#8221; css=&#8221;.vc_custom_1591301808158{margin-bottom: 0px !important;}&#8221;]\n<h3 style=\"text-align: center;\"><span style=\"color: #0d476a;\">Banque de candidature<\/span><\/h3>\n<p>Nous sommes toujours \u00e0 la recherche de candidats ouverts \u00e0 des postes en r\u00e9gion \u00e9loign\u00e9e.[\/vc_column_text]\n<div class=\"wpcf7 no-js\" id=\"wpcf7-f8352-o1\" lang=\"fr-CA\" dir=\"ltr\">\n<div class=\"screen-reader-response\"><p role=\"status\" aria-live=\"polite\" aria-atomic=\"true\"><\/p> <ul><\/ul><\/div>\n<form action=\"\/en\/wp-json\/wp\/v2\/pages\/5107#wpcf7-f8352-o1\" method=\"post\" class=\"wpcf7-form init\" aria-label=\"Contact form\" enctype=\"multipart\/form-data\" novalidate=\"novalidate\" data-status=\"init\">\n<div style=\"display: none;\">\n<input type=\"hidden\" name=\"_wpcf7\" value=\"8352\" \/>\n<input type=\"hidden\" name=\"_wpcf7_version\" value=\"5.7.7\" \/>\n<input type=\"hidden\" name=\"_wpcf7_locale\" value=\"fr_CA\" \/>\n<input type=\"hidden\" name=\"_wpcf7_unit_tag\" value=\"wpcf7-f8352-o1\" \/>\n<input type=\"hidden\" name=\"_wpcf7_container_post\" value=\"0\" \/>\n<input type=\"hidden\" name=\"_wpcf7_posted_data_hash\" value=\"\" \/>\n<\/div>\n<p><span class=\"wpcf7-form-control-wrap\" data-name=\"your-name\"><input size=\"40\" class=\"wpcf7-form-control wpcf7-text\" aria-invalid=\"false\" placeholder=\"Pr\u00e9nom et nom\" value=\"\" type=\"text\" name=\"your-name\" \/><\/span><br \/>\n<span class=\"wpcf7-form-control-wrap\" data-name=\"your-email\"><input size=\"40\" class=\"wpcf7-form-control wpcf7-text wpcf7-email wpcf7-validates-as-email\" aria-invalid=\"false\" placeholder=\"Courriel\" value=\"\" type=\"email\" name=\"your-email\" \/><\/span><br \/>\n<span class=\"wpcf7-form-control-wrap\" data-name=\"tel-441\"><input size=\"40\" class=\"wpcf7-form-control wpcf7-text wpcf7-tel wpcf7-validates-as-tel\" aria-invalid=\"false\" placeholder=\"T\u00e9l\u00e9phone\" value=\"\" type=\"tel\" name=\"tel-441\" \/><\/span>\n<\/p>\n<p>Joindre CV\n<\/p>\n<p><span class=\"wpcf7-form-control-wrap\" data-name=\"file-cv\"><input size=\"40\" class=\"wpcf7-form-control wpcf7-file\" accept=\".pdf,.doc,.txt\" aria-invalid=\"false\" type=\"file\" name=\"file-cv\" \/><\/span>\n<\/p>\n<p><input class=\"wpcf7-form-control has-spinner wpcf7-submit\" type=\"submit\" value=\"Envoyer\" \/><br \/>\n<script>\ndocument.addEventListener( 'wpcf7mailsent', function( event ) {\n location = 'http:\/\/gestionadc.ca\/merci\/';\n}, false );\n<\/script>\n<\/p><div class=\"wpcf7-response-output\" aria-hidden=\"true\"><\/div>\n<\/form>\n<\/div>\n[\/vc_column][\/vc_row][vc_row][vc_column][mk_padding_divider size=&#8221;17&#8243;][\/vc_column][\/vc_row][vc_row][vc_column][\/vc_column][\/vc_row][vc_row][vc_column][\/vc_column][\/vc_row]\n","protected":false},"excerpt":{"rendered":"<p>[vc_row][vc_column width=&#8221;1\/3&#8243;][vc_single_image image=&#8221;8430&#8243; img_size=&#8221;large&#8221; style=&#8221;vc_box_circle_2&#8243;][\/vc_column][vc_column width=&#8221;2\/3&#8243;][vc_column_text disable_pattern=&#8221;false&#8221; css=&#8221;.vc_custom_1591301745097{margin-bottom: 0px !important;}&#8221;] Du plaisir en travaillant Offrant des postes en r\u00e9gion \u00e9loign\u00e9e, ADC se positionne comme un employeur de choix. \u00a0Vos talents et vos comp\u00e9tences aideront ADC \u00e0 r\u00e9aliser sa planification strat\u00e9gique et vous permettra d\u2019atteindre une qualit\u00e9 de vie et de r\u00e9aliser les objectifs que vous [&hellip;]<\/p>\n","protected":false},"author":25,"featured_media":0,"parent":0,"menu_order":0,"comment_status":"closed","ping_status":"closed","template":"","meta":{"footnotes":""},"_links":{"self":[{"href":"http:\/\/gestionadc.ca\/en\/wp-json\/wp\/v2\/pages\/5107"}],"collection":[{"href":"http:\/\/gestionadc.ca\/en\/wp-json\/wp\/v2\/pages"}],"about":[{"href":"http:\/\/gestionadc.ca\/en\/wp-json\/wp\/v2\/types\/page"}],"author":[{"embeddable":true,"href":"http:\/\/gestionadc.ca\/en\/wp-json\/wp\/v2\/users\/25"}],"replies":[{"embeddable":true,"href":"http:\/\/gestionadc.ca\/en\/wp-json\/wp\/v2\/comments?post=5107"}],"version-history":[{"count":148,"href":"http:\/\/gestionadc.ca\/en\/wp-json\/wp\/v2\/pages\/5107\/revisions"}],"predecessor-version":[{"id":21577,"href":"http:\/\/gestionadc.ca\/en\/wp-json\/wp\/v2\/pages\/5107\/revisions\/21577"}],"wp:attachment":[{"href":"http:\/\/gestionadc.ca\/en\/wp-json\/wp\/v2\/media?parent=5107"}],"curies":[{"name":"wp","href":"https:\/\/api.w.org\/{rel}","templated":true}]}}