{"id":5098,"date":"2018-07-17T07:57:53","date_gmt":"2018-07-17T11:57:53","guid":{"rendered":"http:\/\/gestionadc.ca\/?page_id=5098"},"modified":"2020-06-03T21:03:45","modified_gmt":"2020-06-04T01:03:45","slug":"services-de-conciergerie","status":"publish","type":"page","link":"http:\/\/gestionadc.ca\/en\/services-de-conciergerie\/","title":{"rendered":"Services de conciergerie"},"content":{"rendered":"[mk_page_section bg_image=&#8221;http:\/\/gestionadc.ca\/wp-content\/uploads\/conciergerie-entretien-menager-industriel-opt.jpg&#8221; bg_color=&#8221;rgba(123,123,123,0.48)&#8221; blend_mode=&#8221;multiply&#8221; bg_repeat=&#8221;no-repeat&#8221; bg_stretch=&#8221;true&#8221; video_color_mask=&#8221;#000000&#8243; video_opacity=&#8221;.4&#8243; padding_top=&#8221;0&#8243; padding_bottom=&#8221;140&#8243; sidebar=&#8221;sidebar-1&#8243;][vc_column width=&#8221;3\/4&#8243;][mk_padding_divider size=&#8221;160&#8243; visibility=&#8221;hidden-sm&#8221;][mk_padding_divider size=&#8221;100&#8243;][mk_fancy_title tag_name=&#8221;h5&#8243; color=&#8221;#ffffff&#8221; size=&#8221;24&#8243; line_height=&#8221;90&#8243; font_weight=&#8221;400&#8243; txt_transform=&#8221;uppercase&#8221; margin_bottom=&#8221;0&#8243; font_family=&#8221;none&#8221;]<span style=\"color: #ffffff;\">Service de conciergerie certifi\u00e9 ISO:<\/span>[\/mk_fancy_title][mk_fancy_title tag_name=&#8221;h1&#8243; color=&#8221;#ffffff&#8221; size=&#8221;42&#8243; force_font_size=&#8221;true&#8221; size_tablet=&#8221;38&#8243; size_phone=&#8221;30&#8243; line_height=&#8221;98&#8243; font_weight=&#8221;400&#8243; txt_transform=&#8221;uppercase&#8221; margin_bottom=&#8221;0&#8243; font_family=&#8221;none&#8221;]<span style=\"color: #ffffff;\">m\u00eame les sites \u00e9loign\u00e9s ont besoin d\u2019\u00eatre pris aux petits soins<\/span>[\/mk_fancy_title][\/vc_column][vc_column width=&#8221;1\/4&#8243;][\/vc_column][\/mk_page_section][vc_row][vc_column][mk_padding_divider size=&#8221;90&#8243;][vc_column_text align=&#8221;center&#8221; css=&#8221;.vc_custom_1534440596084{margin-bottom: 0px !important;}&#8221;]\n<h1>Services de conciergerie sur chantiers et sites \u00e9loign\u00e9s<\/h1>\n[\/vc_column_text][mk_padding_divider size=&#8221;70&#8243;][\/vc_column][\/vc_row][vc_row][vc_column width=&#8221;1\/3&#8243;][vc_single_image image=&#8221;5010&#8243; img_size=&#8221;large&#8221; style=&#8221;vc_box_circle_2&#8243;][\/vc_column][vc_column width=&#8221;2\/3&#8243;][mk_padding_divider visibility=&#8221;hidden-sm&#8221;][vc_column_text css=&#8221;.vc_custom_1531828248139{margin-bottom: 0px !important;}&#8221;]<span style=\"text-transform: uppercase;\">Solutions en entretien m\u00e9nager<\/span>[\/vc_column_text][mk_fancy_title color=&#8221;#e8971e&#8221; size=&#8221;36&#8243; force_font_size=&#8221;true&#8221; size_phone=&#8221;30&#8243; font_weight=&#8221;400&#8243; margin_bottom=&#8221;30&#8243; font_family=&#8221;none&#8221; animation=&#8221;top-to-bottom&#8221;]Lavage de vitres, nettoyage et cirage de planchers et plus![\/mk_fancy_title][vc_column_text disable_pattern=&#8221;false&#8221; css=&#8221;.vc_custom_1534440724972{margin-bottom: 0px !important;}&#8221;]Les exploitants au-dessus du 52e parall\u00e8le Nord ont des besoins bien sp\u00e9cifiques. Gestion ADC propose des solutions durables en entretien m\u00e9nager dans des contextes de vie ardus.<\/p>\n<p>Un des meilleurs moyens pour Gestion ADC de promouvoir la sant\u00e9, le bien-\u00eatre et maintenir la motivation de ses clients est de faire en sorte que ceux-ci b\u00e9n\u00e9ficient d\u2019un milieu de vie et de travail rigoureusement salubre et respectueux de l\u2019environnement. Notre expertise sert aussi bien nos clients au sud.<\/p>\n<p>Notre \u00e9quipe d\u2019entretien m\u00e9nager assure de nombreux services vari\u00e9s tels que:<\/p>\n<ul style=\"margin-top: 0; margin-bottom: 0; padding-top: 0; padding-bottom: 0;\">\n<li>Entretien m\u00e9nager industriel, commercial et d\u2019h\u00f4tellerie<\/li>\n<li>Lavage de vitres<\/li>\n<li>Nettoyage de planchers<\/li>\n<li>D\u00e9capage et cirage de plancher<\/li>\n<li>Nettoyage de tapis \u00e0 la vapeur<\/li>\n<\/ul>\n[\/vc_column_text][\/vc_column][\/vc_row][vc_row][vc_column][mk_padding_divider size=&#8221;110&#8243;][\/vc_column][\/vc_row][vc_row][vc_column width=&#8221;2\/3&#8243;][vc_column_text css=&#8221;.vc_custom_1531828486599{margin-bottom: 0px !important;}&#8221;]<span style=\"text-transform: uppercase;\">Avec Gestion ADC,<\/span>[\/vc_column_text][mk_fancy_title color=&#8221;#e8971e&#8221; size=&#8221;36&#8243; force_font_size=&#8221;true&#8221; size_phone=&#8221;30&#8243; font_weight=&#8221;400&#8243; margin_bottom=&#8221;30&#8243; font_family=&#8221;none&#8221; animation=&#8221;top-to-bottom&#8221;]Chacune des personnes est trait\u00e9e aux petits oignons[\/mk_fancy_title][vc_column_text disable_pattern=&#8221;false&#8221; css=&#8221;.vc_custom_1531828516355{margin-bottom: 0px !important;}&#8221;]Nous accordons une haute importance \u00e0 comprendre et \u00e0 respecter les attentes de nos clients. Vos particularit\u00e9s sont uniques et trait\u00e9es comme telles. Notre processus de surveillance du travail r\u00e9alis\u00e9 par nos \u00e9quipes d\u2019entretien m\u00e9nager assure la continuit\u00e9 dans la qualit\u00e9, la s\u00e9curit\u00e9 des personnes et des biens et le maintien du confort des r\u00e9sidents et des visiteurs.<\/p>\n<p>La formation continue de notre personnel de premi\u00e8re ligne est primordiale. Que ce soit par les rappels des consignes de votre \u00e9tablissement, la mise \u00e0 niveau des pratiques de travail avec les nouvelles approches de l\u2019industrie de la conciergerie, nous adaptons les contenus de formation en fonction de votre r\u00e9alit\u00e9 terrain.<br \/>\n[\/vc_column_text][mk_padding_divider size=&#8221;60&#8243; visibility=&#8221;visible-sm&#8221;][\/vc_column][vc_column width=&#8221;1\/3&#8243;][mk_padding_divider size=&#8221;60&#8243; visibility=&#8221;hidden-sm&#8221;][vc_single_image image=&#8221;5100&#8243; img_size=&#8221;large&#8221; style=&#8221;vc_box_circle_2&#8243;][\/vc_column][\/vc_row][vc_row][vc_column][mk_padding_divider size=&#8221;110&#8243;][\/vc_column][\/vc_row][vc_row][vc_column width=&#8221;1\/3&#8243;][mk_padding_divider size=&#8221;10&#8243; visibility=&#8221;hidden-sm&#8221;][vc_single_image image=&#8221;5191&#8243; img_size=&#8221;full&#8221;][\/vc_column][vc_column width=&#8221;2\/3&#8243;][vc_column_text css=&#8221;.vc_custom_1531828550554{margin-bottom: 0px !important;}&#8221;]<span style=\"text-transform: uppercase;\">Les normes de notre homologation ISO 9001-2015:<\/span>[\/vc_column_text][mk_fancy_title color=&#8221;#e8971e&#8221; size=&#8221;36&#8243; force_font_size=&#8221;true&#8221; size_phone=&#8221;30&#8243; font_weight=&#8221;400&#8243; margin_bottom=&#8221;30&#8243; font_family=&#8221;none&#8221; animation=&#8221;top-to-bottom&#8221;]Votre garantie du travail bien fait[\/mk_fancy_title][vc_column_text disable_pattern=&#8221;false&#8221; css=&#8221;.vc_custom_1531828651890{margin-bottom: 0px !important;}&#8221;]Laissez-nous faire le travail \u00e0 votre place! D\u00e8s le d\u00e9but de l\u2019exploitation, notre \u00e9quipe d\u2019implantation de service s\u2019assure d\u2019encadrer et de former l\u2019\u00e9quipe de la conciergerie assign\u00e9e \u00e0 votre site afin de rapidement atteindre les plus hauts standards de qualit\u00e9.<\/p>\n<p>S\u2019adapter \u00e0 votre milieu de travail est une priorit\u00e9 pour nous. R\u00e9aliser notre mandat en salubrit\u00e9 est un leitmotiv \u00e0 d\u00e9passer vos attentes. Ainsi, vos espaces de vie communs et priv\u00e9s bien entretenus rendront plus agr\u00e9ables les s\u00e9jours de votre personnel loin de la maison.<\/p>\n<p>Nous sommes engag\u00e9s envers les d\u00e9fis de la s\u00e9curit\u00e9 au travail. De concert avec les normes les plus \u00e9lev\u00e9es de l\u2019industrie, nous veillons \u00e0 optimiser l\u2019efficacit\u00e9 et l\u2019efficience des t\u00e2ches, m\u00eame les plus simples.<br \/>\n[\/vc_column_text][mk_button dimension=&#8221;flat&#8221; size=&#8221;medium&#8221; url=&#8221;\/contactez-nous\/&#8221; margin_top=&#8221;20&#8243; animation=&#8221;fade-in&#8221; bg_color=&#8221;#0d476a&#8221; btn_hover_bg=&#8221;#000000&#8243; btn_hover_txt_color=&#8221;#ffffff&#8221;]Contactez-nous pour plus d\u2019information[\/mk_button][\/vc_column][\/vc_row][vc_row][vc_column][mk_padding_divider size=&#8221;140&#8243;][\/vc_column][\/vc_row]\n","protected":false},"excerpt":{"rendered":"<p>[mk_page_section bg_image=&#8221;http:\/\/gestionadc.ca\/wp-content\/uploads\/conciergerie-entretien-menager-industriel-opt.jpg&#8221; bg_color=&#8221;rgba(123,123,123,0.48)&#8221; blend_mode=&#8221;multiply&#8221; bg_repeat=&#8221;no-repeat&#8221; bg_stretch=&#8221;true&#8221; video_color_mask=&#8221;#000000&#8243; video_opacity=&#8221;.4&#8243; padding_top=&#8221;0&#8243; padding_bottom=&#8221;140&#8243; sidebar=&#8221;sidebar-1&#8243;][vc_column width=&#8221;3\/4&#8243;][mk_padding_divider size=&#8221;160&#8243; visibility=&#8221;hidden-sm&#8221;][mk_padding_divider size=&#8221;100&#8243;][mk_fancy_title tag_name=&#8221;h5&#8243; color=&#8221;#ffffff&#8221; size=&#8221;24&#8243; line_height=&#8221;90&#8243; font_weight=&#8221;400&#8243; txt_transform=&#8221;uppercase&#8221; margin_bottom=&#8221;0&#8243; font_family=&#8221;none&#8221;]Service de conciergerie certifi\u00e9 ISO:[\/mk_fancy_title][mk_fancy_title tag_name=&#8221;h1&#8243; color=&#8221;#ffffff&#8221; size=&#8221;42&#8243; force_font_size=&#8221;true&#8221; size_tablet=&#8221;38&#8243; size_phone=&#8221;30&#8243; line_height=&#8221;98&#8243; font_weight=&#8221;400&#8243; txt_transform=&#8221;uppercase&#8221; margin_bottom=&#8221;0&#8243; font_family=&#8221;none&#8221;]m\u00eame les sites \u00e9loign\u00e9s ont besoin d\u2019\u00eatre pris aux petits soins[\/mk_fancy_title][\/vc_column][vc_column width=&#8221;1\/4&#8243;][\/vc_column][\/mk_page_section][vc_row][vc_column][mk_padding_divider size=&#8221;90&#8243;][vc_column_text align=&#8221;center&#8221; css=&#8221;.vc_custom_1534440596084{margin-bottom: 0px !important;}&#8221;] Services [&hellip;]<\/p>\n","protected":false},"author":25,"featured_media":0,"parent":0,"menu_order":0,"comment_status":"closed","ping_status":"closed","template":"","meta":{"footnotes":""},"_links":{"self":[{"href":"http:\/\/gestionadc.ca\/en\/wp-json\/wp\/v2\/pages\/5098"}],"collection":[{"href":"http:\/\/gestionadc.ca\/en\/wp-json\/wp\/v2\/pages"}],"about":[{"href":"http:\/\/gestionadc.ca\/en\/wp-json\/wp\/v2\/types\/page"}],"author":[{"embeddable":true,"href":"http:\/\/gestionadc.ca\/en\/wp-json\/wp\/v2\/users\/25"}],"replies":[{"embeddable":true,"href":"http:\/\/gestionadc.ca\/en\/wp-json\/wp\/v2\/comments?post=5098"}],"version-history":[{"count":8,"href":"http:\/\/gestionadc.ca\/en\/wp-json\/wp\/v2\/pages\/5098\/revisions"}],"predecessor-version":[{"id":8441,"href":"http:\/\/gestionadc.ca\/en\/wp-json\/wp\/v2\/pages\/5098\/revisions\/8441"}],"wp:attachment":[{"href":"http:\/\/gestionadc.ca\/en\/wp-json\/wp\/v2\/media?parent=5098"}],"curies":[{"name":"wp","href":"https:\/\/api.w.org\/{rel}","templated":true}]}}